{"id":2554,"date":"2019-02-28T15:39:26","date_gmt":"2019-02-28T15:39:26","guid":{"rendered":"https:\/\/bbpintadera.it\/le-petit-dejeuner\/"},"modified":"2025-04-27T05:56:01","modified_gmt":"2025-04-27T05:56:01","slug":"le-petit-dejeuner","status":"publish","type":"page","link":"https:\/\/bbpintadera.it\/fr\/bb\/le-petit-dejeuner\/","title":{"rendered":"Le petit d\u00e9jeuner"},"content":{"rendered":"<div id='full_slider_1'  class='avia-fullwidth-slider main_color avia-shadow   avia-builder-el-0  el_before_av_section  avia-builder-el-first   container_wrap fullsize'  ><div  class='avia-slideshow av-m9jvf4fr-f2eac61d9e485ddf852d5404dad13d68 avia-slideshow-no scaling av_slideshow_full avia-slide-slider av-slideshow-ui av-control-hidden av-no-slider-navigation av-hide-nav-arrows av-slideshow-manual av-loop-once av-loop-manual-endless av-default-height-applied  image_no_stretch avia-slideshow-1' data-slideshow-options=\"{&quot;animation&quot;:&quot;slide&quot;,&quot;autoplay&quot;:false,&quot;loop_autoplay&quot;:&quot;once&quot;,&quot;interval&quot;:5,&quot;loop_manual&quot;:&quot;manual-endless&quot;,&quot;autoplay_stopper&quot;:false,&quot;noNavigation&quot;:true,&quot;bg_slider&quot;:false,&quot;keep_padding&quot;:false,&quot;hoverpause&quot;:false,&quot;show_slide_delay&quot;:0}\"  itemprop=\"image\" itemscope=\"itemscope\" itemtype=\"https:\/\/schema.org\/ImageObject\" ><ul class='avia-slideshow-inner ' style='padding-bottom: 20.833333333333%;'><li  class='avia-slideshow-slide av-m9jvf4fr-f2eac61d9e485ddf852d5404dad13d68__0  av-single-slide slide-1 slide-odd'><div data-rel='slideshow-1' class='avia-slide-wrap '   ><img decoding=\"async\" fetchpriority=\"high\" class=\"wp-image-4047 avia-img-lazy-loading-not-4047\"  src=\"https:\/\/bbpintadera.it\/wp-content\/uploads\/2025\/04\/testata-colazioni.jpg\" width=\"1920\" height=\"400\" title='testata-colazioni' alt=''  itemprop=\"thumbnailUrl\"  style='min-height:150; min-width:720px; ' srcset=\"https:\/\/bbpintadera.it\/wp-content\/uploads\/2025\/04\/testata-colazioni.jpg 1920w, https:\/\/bbpintadera.it\/wp-content\/uploads\/2025\/04\/testata-colazioni-300x63.jpg 300w, https:\/\/bbpintadera.it\/wp-content\/uploads\/2025\/04\/testata-colazioni-1030x215.jpg 1030w, https:\/\/bbpintadera.it\/wp-content\/uploads\/2025\/04\/testata-colazioni-768x160.jpg 768w, https:\/\/bbpintadera.it\/wp-content\/uploads\/2025\/04\/testata-colazioni-1536x320.jpg 1536w, https:\/\/bbpintadera.it\/wp-content\/uploads\/2025\/04\/testata-colazioni-1500x313.jpg 1500w, https:\/\/bbpintadera.it\/wp-content\/uploads\/2025\/04\/testata-colazioni-705x147.jpg 705w\" sizes=\"(max-width: 1920px) 100vw, 1920px\" \/><\/div><\/li><\/ul><\/div><\/div>\n\n<style type=\"text\/css\" data-created_by=\"avia_inline_auto\" id=\"style-css-av-av_section-e1a227fbdcaca6700cbfd53aede61279\">\n.avia-section.av-av_section-e1a227fbdcaca6700cbfd53aede61279{\nbackground-color:#f5a706;\nbackground-image:unset;\n}\n<\/style>\n<div id='av_section_1'  class='avia-section av-av_section-e1a227fbdcaca6700cbfd53aede61279 main_color avia-section-small avia-no-border-styling  avia-builder-el-1  el_after_av_slideshow_full  el_before_av_one_full  avia-bg-style-scroll container_wrap fullsize'  ><div class='container av-section-cont-open' ><div class='template-page content  av-content-full alpha units'><div class='post-entry post-entry-type-page post-entry-2554'><div class='entry-content-wrapper clearfix'>\n\n<style type=\"text\/css\" data-created_by=\"avia_inline_auto\" id=\"style-css-av-m9jvd7es-1a55b6e133887192fdf9464ff040e126\">\n#top .av-special-heading.av-m9jvd7es-1a55b6e133887192fdf9464ff040e126{\npadding-bottom:0;\ncolor:#ffffff;\n}\nbody .av-special-heading.av-m9jvd7es-1a55b6e133887192fdf9464ff040e126 .av-special-heading-tag .heading-char{\nfont-size:25px;\n}\n.av-special-heading.av-m9jvd7es-1a55b6e133887192fdf9464ff040e126 .special-heading-inner-border{\nborder-color:#ffffff;\n}\n.av-special-heading.av-m9jvd7es-1a55b6e133887192fdf9464ff040e126 .av-subheading{\nfont-size:15px;\n}\n<\/style>\n<div  class='av-special-heading av-m9jvd7es-1a55b6e133887192fdf9464ff040e126 av-special-heading-h1 custom-color-heading blockquote modern-quote modern-centered  avia-builder-el-2  avia-builder-el-no-sibling '><h1 class='av-special-heading-tag '  itemprop=\"headline\"  >Guesthouse &#8211; Le petit d\u00e9jeuner<\/h1><div class=\"special-heading-border\"><div class=\"special-heading-inner-border\"><\/div><\/div><\/div>\n<\/div><\/div><\/div><!-- close content main div --><\/div><\/div><div id='after_section_1'  class='main_color av_default_container_wrap container_wrap fullsize'  ><div class='container av-section-cont-open' ><div class='template-page content  av-content-full alpha units'><div class='post-entry post-entry-type-page post-entry-2554'><div class='entry-content-wrapper clearfix'>\n\n<style type=\"text\/css\" data-created_by=\"avia_inline_auto\" id=\"style-css-av-av_one_full-6126cab7d8fab8d08143dd2dacdf673c\">\n.flex_column.av-av_one_full-6126cab7d8fab8d08143dd2dacdf673c{\nborder-radius:0px 0px 0px 0px;\npadding:0px 0px 0px 0px;\n}\n<\/style>\n<div  class='flex_column av-av_one_full-6126cab7d8fab8d08143dd2dacdf673c av_one_full  avia-builder-el-3  el_after_av_section  el_before_av_button_big  avia-builder-el-no-sibling  first flex_column_div av-zero-column-padding  '     ><section  class='av_textblock_section av-m9jvdhjw-201a240359ab0e0c23c82006f6063b26 '   itemscope=\"itemscope\" itemtype=\"https:\/\/schema.org\/CreativeWork\" ><div class='avia_textblock'  itemprop=\"text\" ><h2>Chaque matin, \u00e0 votre r\u00e9veil, vous trouverez un d\u00e9licieux petit d\u00e9jeuner r\u00e9alis\u00e9 \u00e0 base de produits de qualit\u00e9 et naturels afin de commencer votre journ\u00e9e de vacances de la meilleure des mani\u00e8res.<\/h2>\n<h3>Une attention particuli\u00e8re, rien que pour vous.<\/h3>\n<p>Le petit dejeuner, servi <strong>de 8.00 \u00e0 9.30 <\/strong>sera notre mani\u00e8re de vous cajoler.<\/p>\n<p>Vous pourrez d\u00e9guster chaque jour pain frais, brioches, c\u00e9r\u00e9ales, yaourt, th\u00e9, cappuccino ou jus de fruits ( en plus des traditionnelles biscottes, biscuits, confitures).<\/p>\n<p>Dans notre \u201csalle petit d\u00e9jeuner\u201d, vous trouverez un micro ondes, une bouilloire, une machine \u00e0 caf\u00e9 automatique pour express, caf\u00e9 long, lait chaud et cappuccino.<\/p>\n<p><strong>Vous souffrez d\u2019intol\u00e9rances ou d\u2019allergies?<\/strong><br \/>\nPour toutes exigences particuli\u00e8re li\u00e9es \u00e8 une intol\u00e9rance ou allergie alimentaire, il vous suffira de nous le communiquer \u00e8 votre arriv\u00e9e<\/p>\n<\/div><\/section><br \/>\n<section  class='av_textblock_section av-l2yvni4v-5411bc6082b7b689489d342ec67516cd '   itemscope=\"itemscope\" itemtype=\"https:\/\/schema.org\/CreativeWork\" ><div class='avia_textblock'  itemprop=\"text\" ><h2>Avez-vous besoin de quelque chose de plus nutritif?<\/h2>\n<h3>Nous vous servirons \u00e9galement d&rsquo;autres plats.<\/h3>\n<p>En fait, nous avons d\u00e9cid\u00e9 de pr\u00e9parer des \u0153ufs brouill\u00e9s ou au plat, du bacon grill\u00e9.<\/p>\n<\/div><\/section><\/p><\/div>\n<div  class='avia-button-wrap avia-button-center  avia-builder-el-6  el_after_av_one_full  el_before_av_masonry_gallery  btn-call-booking'>\n<style type=\"text\/css\" data-created_by=\"avia_inline_auto\" id=\"style-css-av-l068w2eq-95f1a6dcf4c55fb3df9940fcb2aa8a34\">\n#top #wrap_all .avia-button.av-l068w2eq-95f1a6dcf4c55fb3df9940fcb2aa8a34{\nbackground-color:#f5a506;\nborder-color:#f5a506;\ncolor:#ffffff;\ntransition:all 0.4s ease-in-out;\n}\n#top #wrap_all .avia-button.av-l068w2eq-95f1a6dcf4c55fb3df9940fcb2aa8a34:hover{\nbackground-color:#444444;\ncolor:#ffffff;\ntransition:all 0.4s ease-in-out;\n}\n#top #wrap_all .avia-button.av-l068w2eq-95f1a6dcf4c55fb3df9940fcb2aa8a34 .avia-svg-icon svg:first-child{\nfill:#ffffff;\nstroke:#ffffff;\n}\n#top #wrap_all .avia-button.av-l068w2eq-95f1a6dcf4c55fb3df9940fcb2aa8a34:hover .avia-svg-icon svg:first-child{\nfill:#ffffff;\nstroke:#ffffff;\n}\n<\/style>\n<a href='https:\/\/bbpintadera.it\/fr\/reservez-maintenant-vos-vacances-a-alghero\/' class='avia-button avia-button-fullwidth av-l068w2eq-95f1a6dcf4c55fb3df9940fcb2aa8a34 avia-icon_select-yes-left-icon avia-color-custom av-mini-hide'   aria-label=\"R\u00c9SERVEZ VOS VACANCES!\"><span class='avia_button_icon avia_button_icon_left avia-iconfont avia-font-entypo-fontello' data-av_icon='\ue82b' data-av_iconfont='entypo-fontello' ><\/span><span class='avia_iconbox_title' >R\u00c9SERVEZ VOS VACANCES!<\/span><\/a><\/div>\n<div id='av-masonry-1' class='av-masonry av-av_masonry_gallery-b857541ac4f44daa1478a73ecb9ade3a noHover av-fixed-size av-1px-gap av-hover-overlay- av-masonry-animation-active av-masonry-col-4 av-caption-always av-caption-style- av-masonry-gallery ' data-post_id=\"2554\"><div class=\"av-masonry-container isotope av-js-disabled\"><div class='av-masonry-entry isotope-item av-masonry-item-no-image '><\/div><a href=\"https:\/\/bbpintadera.it\/wp-content\/uploads\/2025\/04\/pintadera-sala-colazioni-7.jpg\" data-srcset=\"https:\/\/bbpintadera.it\/wp-content\/uploads\/2025\/04\/pintadera-sala-colazioni-7.jpg 720w, https:\/\/bbpintadera.it\/wp-content\/uploads\/2025\/04\/pintadera-sala-colazioni-7-300x200.jpg 300w, https:\/\/bbpintadera.it\/wp-content\/uploads\/2025\/04\/pintadera-sala-colazioni-7-705x470.jpg 705w\" data-sizes=\"(max-width: 720px) 100vw, 720px\"  aria-label=\"image pintadera-sala-colazioni-7\"  id='av-masonry-1-item-4142' data-av-masonry-item='4142' class='av-masonry-entry isotope-item post-4142 attachment type-attachment status-inherit hentry category-la-nostra-bacheca  av-masonry-item-with-image' title=\"pintadera-sala-colazioni-7\" alt=\"\"    itemprop=\"thumbnailUrl\" ><div class='av-inner-masonry-sizer'><\/div><figure class='av-inner-masonry main_color'><div class=\"av-masonry-outerimage-container\"><div class='av-masonry-image-container' style=\"background-image: url(https:\/\/bbpintadera.it\/wp-content\/uploads\/2025\/04\/pintadera-sala-colazioni-7-705x470.jpg);\"  title=\"pintadera-sala-colazioni-7\" ><\/div><\/div><\/figure><\/a><!--end av-masonry entry--><a href=\"https:\/\/bbpintadera.it\/wp-content\/uploads\/2025\/04\/pintadera-sala-colazioni-2-1030x773.jpg\" data-srcset=\"https:\/\/bbpintadera.it\/wp-content\/uploads\/2025\/04\/pintadera-sala-colazioni-2-1030x773.jpg 1030w, https:\/\/bbpintadera.it\/wp-content\/uploads\/2025\/04\/pintadera-sala-colazioni-2-300x225.jpg 300w, https:\/\/bbpintadera.it\/wp-content\/uploads\/2025\/04\/pintadera-sala-colazioni-2-768x576.jpg 768w, https:\/\/bbpintadera.it\/wp-content\/uploads\/2025\/04\/pintadera-sala-colazioni-2-1536x1152.jpg 1536w, https:\/\/bbpintadera.it\/wp-content\/uploads\/2025\/04\/pintadera-sala-colazioni-2-1500x1125.jpg 1500w, https:\/\/bbpintadera.it\/wp-content\/uploads\/2025\/04\/pintadera-sala-colazioni-2-705x529.jpg 705w, https:\/\/bbpintadera.it\/wp-content\/uploads\/2025\/04\/pintadera-sala-colazioni-2.jpg 2000w\" data-sizes=\"(max-width: 1030px) 100vw, 1030px\"  aria-label=\"image pintadera-sala-colazioni-2\"  id='av-masonry-1-item-4127' data-av-masonry-item='4127' class='av-masonry-entry isotope-item post-4127 attachment type-attachment status-inherit hentry category-la-nostra-bacheca  av-masonry-item-with-image' title=\"pintadera-sala-colazioni-2\" alt=\"\"    itemprop=\"thumbnailUrl\" ><div class='av-inner-masonry-sizer'><\/div><figure class='av-inner-masonry main_color'><div class=\"av-masonry-outerimage-container\"><div class='av-masonry-image-container' style=\"background-image: url(https:\/\/bbpintadera.it\/wp-content\/uploads\/2025\/04\/pintadera-sala-colazioni-2-705x529.jpg);\"  title=\"pintadera-sala-colazioni-2\" ><\/div><\/div><\/figure><\/a><!--end av-masonry entry--><a href=\"https:\/\/bbpintadera.it\/wp-content\/uploads\/2025\/04\/pintadera-sala-colazioni-3-1030x773.jpg\" data-srcset=\"https:\/\/bbpintadera.it\/wp-content\/uploads\/2025\/04\/pintadera-sala-colazioni-3-1030x773.jpg 1030w, https:\/\/bbpintadera.it\/wp-content\/uploads\/2025\/04\/pintadera-sala-colazioni-3-300x225.jpg 300w, https:\/\/bbpintadera.it\/wp-content\/uploads\/2025\/04\/pintadera-sala-colazioni-3-768x576.jpg 768w, https:\/\/bbpintadera.it\/wp-content\/uploads\/2025\/04\/pintadera-sala-colazioni-3-1536x1152.jpg 1536w, https:\/\/bbpintadera.it\/wp-content\/uploads\/2025\/04\/pintadera-sala-colazioni-3-1500x1125.jpg 1500w, https:\/\/bbpintadera.it\/wp-content\/uploads\/2025\/04\/pintadera-sala-colazioni-3-705x529.jpg 705w, https:\/\/bbpintadera.it\/wp-content\/uploads\/2025\/04\/pintadera-sala-colazioni-3.jpg 2000w\" data-sizes=\"(max-width: 1030px) 100vw, 1030px\"  aria-label=\"image pintadera-sala-colazioni-3\"  id='av-masonry-1-item-4130' data-av-masonry-item='4130' class='av-masonry-entry isotope-item post-4130 attachment type-attachment status-inherit hentry category-la-nostra-bacheca  av-masonry-item-with-image' title=\"pintadera-sala-colazioni-3\" alt=\"\"    itemprop=\"thumbnailUrl\" ><div class='av-inner-masonry-sizer'><\/div><figure class='av-inner-masonry main_color'><div class=\"av-masonry-outerimage-container\"><div class='av-masonry-image-container' style=\"background-image: url(https:\/\/bbpintadera.it\/wp-content\/uploads\/2025\/04\/pintadera-sala-colazioni-3-705x529.jpg);\"  title=\"pintadera-sala-colazioni-3\" ><\/div><\/div><\/figure><\/a><!--end av-masonry entry--><a href=\"https:\/\/bbpintadera.it\/wp-content\/uploads\/2025\/04\/pintadera-sala-colazioni-4-1030x773.jpg\" data-srcset=\"https:\/\/bbpintadera.it\/wp-content\/uploads\/2025\/04\/pintadera-sala-colazioni-4-1030x773.jpg 1030w, https:\/\/bbpintadera.it\/wp-content\/uploads\/2025\/04\/pintadera-sala-colazioni-4-300x225.jpg 300w, https:\/\/bbpintadera.it\/wp-content\/uploads\/2025\/04\/pintadera-sala-colazioni-4-768x576.jpg 768w, https:\/\/bbpintadera.it\/wp-content\/uploads\/2025\/04\/pintadera-sala-colazioni-4-1536x1152.jpg 1536w, https:\/\/bbpintadera.it\/wp-content\/uploads\/2025\/04\/pintadera-sala-colazioni-4-1500x1125.jpg 1500w, https:\/\/bbpintadera.it\/wp-content\/uploads\/2025\/04\/pintadera-sala-colazioni-4-705x529.jpg 705w, https:\/\/bbpintadera.it\/wp-content\/uploads\/2025\/04\/pintadera-sala-colazioni-4.jpg 2000w\" data-sizes=\"(max-width: 1030px) 100vw, 1030px\"  aria-label=\"image pintadera-sala-colazioni-4\"  id='av-masonry-1-item-4133' data-av-masonry-item='4133' class='av-masonry-entry isotope-item post-4133 attachment type-attachment status-inherit hentry category-la-nostra-bacheca  av-masonry-item-with-image' title=\"pintadera-sala-colazioni-4\" alt=\"\"    itemprop=\"thumbnailUrl\" ><div class='av-inner-masonry-sizer'><\/div><figure class='av-inner-masonry main_color'><div class=\"av-masonry-outerimage-container\"><div class='av-masonry-image-container' style=\"background-image: url(https:\/\/bbpintadera.it\/wp-content\/uploads\/2025\/04\/pintadera-sala-colazioni-4-705x529.jpg);\"  title=\"pintadera-sala-colazioni-4\" ><\/div><\/div><\/figure><\/a><!--end av-masonry entry--><a href=\"https:\/\/bbpintadera.it\/wp-content\/uploads\/2025\/04\/pintadera-sala-colazioni-5-1030x773.jpg\" data-srcset=\"https:\/\/bbpintadera.it\/wp-content\/uploads\/2025\/04\/pintadera-sala-colazioni-5-1030x773.jpg 1030w, https:\/\/bbpintadera.it\/wp-content\/uploads\/2025\/04\/pintadera-sala-colazioni-5-300x225.jpg 300w, https:\/\/bbpintadera.it\/wp-content\/uploads\/2025\/04\/pintadera-sala-colazioni-5-768x576.jpg 768w, https:\/\/bbpintadera.it\/wp-content\/uploads\/2025\/04\/pintadera-sala-colazioni-5-1536x1152.jpg 1536w, https:\/\/bbpintadera.it\/wp-content\/uploads\/2025\/04\/pintadera-sala-colazioni-5-1500x1125.jpg 1500w, https:\/\/bbpintadera.it\/wp-content\/uploads\/2025\/04\/pintadera-sala-colazioni-5-705x529.jpg 705w, https:\/\/bbpintadera.it\/wp-content\/uploads\/2025\/04\/pintadera-sala-colazioni-5.jpg 2000w\" data-sizes=\"(max-width: 1030px) 100vw, 1030px\"  aria-label=\"image pintadera-sala-colazioni-5\"  id='av-masonry-1-item-4136' data-av-masonry-item='4136' class='av-masonry-entry isotope-item post-4136 attachment type-attachment status-inherit hentry category-la-nostra-bacheca  av-masonry-item-with-image' title=\"pintadera-sala-colazioni-5\" alt=\"\"    itemprop=\"thumbnailUrl\" ><div class='av-inner-masonry-sizer'><\/div><figure class='av-inner-masonry main_color'><div class=\"av-masonry-outerimage-container\"><div class='av-masonry-image-container' style=\"background-image: url(https:\/\/bbpintadera.it\/wp-content\/uploads\/2025\/04\/pintadera-sala-colazioni-5-705x529.jpg);\"  title=\"pintadera-sala-colazioni-5\" ><\/div><\/div><\/figure><\/a><!--end av-masonry entry--><a href=\"https:\/\/bbpintadera.it\/wp-content\/uploads\/2025\/04\/pintadera-sala-colazioni-1-1030x773.jpg\" data-srcset=\"https:\/\/bbpintadera.it\/wp-content\/uploads\/2025\/04\/pintadera-sala-colazioni-1-1030x773.jpg 1030w, https:\/\/bbpintadera.it\/wp-content\/uploads\/2025\/04\/pintadera-sala-colazioni-1-300x225.jpg 300w, https:\/\/bbpintadera.it\/wp-content\/uploads\/2025\/04\/pintadera-sala-colazioni-1-768x576.jpg 768w, https:\/\/bbpintadera.it\/wp-content\/uploads\/2025\/04\/pintadera-sala-colazioni-1-1536x1152.jpg 1536w, https:\/\/bbpintadera.it\/wp-content\/uploads\/2025\/04\/pintadera-sala-colazioni-1-1500x1125.jpg 1500w, https:\/\/bbpintadera.it\/wp-content\/uploads\/2025\/04\/pintadera-sala-colazioni-1-705x529.jpg 705w, https:\/\/bbpintadera.it\/wp-content\/uploads\/2025\/04\/pintadera-sala-colazioni-1.jpg 2000w\" data-sizes=\"(max-width: 1030px) 100vw, 1030px\"  aria-label=\"image pintadera-sala-colazioni-1\"  id='av-masonry-1-item-4124' data-av-masonry-item='4124' class='av-masonry-entry isotope-item post-4124 attachment type-attachment status-inherit hentry category-la-nostra-bacheca  av-masonry-item-with-image' title=\"pintadera-sala-colazioni-1\" alt=\"\"    itemprop=\"thumbnailUrl\" ><div class='av-inner-masonry-sizer'><\/div><figure class='av-inner-masonry main_color'><div class=\"av-masonry-outerimage-container\"><div class='av-masonry-image-container' style=\"background-image: url(https:\/\/bbpintadera.it\/wp-content\/uploads\/2025\/04\/pintadera-sala-colazioni-1-705x529.jpg);\"  title=\"pintadera-sala-colazioni-1\" ><\/div><\/div><\/figure><\/a><!--end av-masonry entry--><a href=\"https:\/\/bbpintadera.it\/wp-content\/uploads\/2019\/10\/IMAG0097-1030x583.jpg\" data-srcset=\"https:\/\/bbpintadera.it\/wp-content\/uploads\/2019\/10\/IMAG0097-1030x583.jpg 1030w, https:\/\/bbpintadera.it\/wp-content\/uploads\/2019\/10\/IMAG0097-300x170.jpg 300w, https:\/\/bbpintadera.it\/wp-content\/uploads\/2019\/10\/IMAG0097-768x434.jpg 768w, https:\/\/bbpintadera.it\/wp-content\/uploads\/2019\/10\/IMAG0097-1500x848.jpg 1500w, https:\/\/bbpintadera.it\/wp-content\/uploads\/2019\/10\/IMAG0097-705x399.jpg 705w, https:\/\/bbpintadera.it\/wp-content\/uploads\/2019\/10\/IMAG0097-450x255.jpg 450w, https:\/\/bbpintadera.it\/wp-content\/uploads\/2019\/10\/IMAG0097.jpg 1920w\" data-sizes=\"(max-width: 1030px) 100vw, 1030px\"  aria-label=\"image IMAG0097\"  id='av-masonry-1-item-2745' data-av-masonry-item='2745' class='av-masonry-entry isotope-item post-2745 attachment type-attachment status-inherit hentry category-non-classifiee  av-masonry-item-with-image' title=\"IMAG0097\" alt=\"\"    itemprop=\"thumbnailUrl\" ><div class='av-inner-masonry-sizer'><\/div><figure class='av-inner-masonry main_color'><div class=\"av-masonry-outerimage-container\"><div class='av-masonry-image-container' style=\"background-image: url(https:\/\/bbpintadera.it\/wp-content\/uploads\/2019\/10\/IMAG0097-705x399.jpg);\"  title=\"IMAG0097\" ><\/div><\/div><\/figure><\/a><!--end av-masonry entry--><a href=\"https:\/\/bbpintadera.it\/wp-content\/uploads\/2019\/10\/IMAG0082-1030x583.jpg\" data-srcset=\"https:\/\/bbpintadera.it\/wp-content\/uploads\/2019\/10\/IMAG0082-1030x583.jpg 1030w, https:\/\/bbpintadera.it\/wp-content\/uploads\/2019\/10\/IMAG0082-300x170.jpg 300w, https:\/\/bbpintadera.it\/wp-content\/uploads\/2019\/10\/IMAG0082-768x434.jpg 768w, https:\/\/bbpintadera.it\/wp-content\/uploads\/2019\/10\/IMAG0082-1500x848.jpg 1500w, https:\/\/bbpintadera.it\/wp-content\/uploads\/2019\/10\/IMAG0082-705x399.jpg 705w, https:\/\/bbpintadera.it\/wp-content\/uploads\/2019\/10\/IMAG0082-450x255.jpg 450w, https:\/\/bbpintadera.it\/wp-content\/uploads\/2019\/10\/IMAG0082.jpg 1920w\" data-sizes=\"(max-width: 1030px) 100vw, 1030px\"  aria-label=\"image IMAG0082\"  id='av-masonry-1-item-2739' data-av-masonry-item='2739' class='av-masonry-entry isotope-item post-2739 attachment type-attachment status-inherit hentry category-non-classifiee  av-masonry-item-with-image' title=\"IMAG0082\" alt=\"\"    itemprop=\"thumbnailUrl\" ><div class='av-inner-masonry-sizer'><\/div><figure class='av-inner-masonry main_color'><div class=\"av-masonry-outerimage-container\"><div class='av-masonry-image-container' style=\"background-image: url(https:\/\/bbpintadera.it\/wp-content\/uploads\/2019\/10\/IMAG0082-705x399.jpg);\"  title=\"IMAG0082\" ><\/div><\/div><\/figure><\/a><!--end av-masonry entry--><\/div><\/div>\n","protected":false},"excerpt":{"rendered":"","protected":false},"author":1,"featured_media":0,"parent":2579,"menu_order":0,"comment_status":"closed","ping_status":"closed","template":"","meta":{"footnotes":""},"class_list":["post-2554","page","type-page","status-publish","hentry"],"_links":{"self":[{"href":"https:\/\/bbpintadera.it\/fr\/wp-json\/wp\/v2\/pages\/2554","targetHints":{"allow":["GET"]}}],"collection":[{"href":"https:\/\/bbpintadera.it\/fr\/wp-json\/wp\/v2\/pages"}],"about":[{"href":"https:\/\/bbpintadera.it\/fr\/wp-json\/wp\/v2\/types\/page"}],"author":[{"embeddable":true,"href":"https:\/\/bbpintadera.it\/fr\/wp-json\/wp\/v2\/users\/1"}],"replies":[{"embeddable":true,"href":"https:\/\/bbpintadera.it\/fr\/wp-json\/wp\/v2\/comments?post=2554"}],"version-history":[{"count":7,"href":"https:\/\/bbpintadera.it\/fr\/wp-json\/wp\/v2\/pages\/2554\/revisions"}],"predecessor-version":[{"id":4145,"href":"https:\/\/bbpintadera.it\/fr\/wp-json\/wp\/v2\/pages\/2554\/revisions\/4145"}],"up":[{"embeddable":true,"href":"https:\/\/bbpintadera.it\/fr\/wp-json\/wp\/v2\/pages\/2579"}],"wp:attachment":[{"href":"https:\/\/bbpintadera.it\/fr\/wp-json\/wp\/v2\/media?parent=2554"}],"curies":[{"name":"wp","href":"https:\/\/api.w.org\/{rel}","templated":true}]}}