{"id":2562,"date":"2019-02-28T16:36:55","date_gmt":"2019-02-28T16:36:55","guid":{"rendered":"https:\/\/bbpintadera.it\/notre-presentation\/"},"modified":"2025-04-16T09:43:31","modified_gmt":"2025-04-16T09:43:31","slug":"notre-presentation","status":"publish","type":"page","link":"https:\/\/bbpintadera.it\/fr\/notre-presentation\/","title":{"rendered":"Notre pr\u00e9sentation"},"content":{"rendered":"<div id='full_slider_1'  class='avia-fullwidth-slider main_color avia-shadow   avia-builder-el-0  el_before_av_section  avia-builder-el-first   container_wrap fullsize'  ><div  class='avia-slideshow av-av_slideshow_full-df3dd32069c84c5200d4f0fa6e5df157 avia-slideshow-no scaling av_slideshow_full avia-slide-slider av-slideshow-ui av-control-hidden av-no-slider-navigation av-hide-nav-arrows av-slideshow-manual av-loop-once av-loop-manual-endless av-default-height-applied  image_no_stretch avia-slideshow-1' data-slideshow-options=\"{&quot;animation&quot;:&quot;slide&quot;,&quot;autoplay&quot;:false,&quot;loop_autoplay&quot;:&quot;once&quot;,&quot;interval&quot;:5,&quot;loop_manual&quot;:&quot;manual-endless&quot;,&quot;autoplay_stopper&quot;:false,&quot;noNavigation&quot;:true,&quot;bg_slider&quot;:false,&quot;keep_padding&quot;:false,&quot;hoverpause&quot;:false,&quot;show_slide_delay&quot;:0}\"  itemprop=\"image\" itemscope=\"itemscope\" itemtype=\"https:\/\/schema.org\/ImageObject\" ><ul class='avia-slideshow-inner ' style='padding-bottom: 20.833333333333%;'><li  class='avia-slideshow-slide av-av_slideshow_full-df3dd32069c84c5200d4f0fa6e5df157__0  av-single-slide slide-1 slide-odd'><div data-rel='slideshow-1' class='avia-slide-wrap '   ><img decoding=\"async\" fetchpriority=\"high\" class=\"wp-image-2362 avia-img-lazy-loading-not-2362\"  src=\"https:\/\/bbpintadera.it\/wp-content\/uploads\/2018\/06\/testata-18.jpg\" width=\"1920\" height=\"400\" title='testata-18' alt=''  itemprop=\"thumbnailUrl\"  style='min-height:150; min-width:720px; ' srcset=\"https:\/\/bbpintadera.it\/wp-content\/uploads\/2018\/06\/testata-18.jpg 1920w, https:\/\/bbpintadera.it\/wp-content\/uploads\/2018\/06\/testata-18-300x63.jpg 300w, https:\/\/bbpintadera.it\/wp-content\/uploads\/2018\/06\/testata-18-768x160.jpg 768w, https:\/\/bbpintadera.it\/wp-content\/uploads\/2018\/06\/testata-18-1030x215.jpg 1030w, https:\/\/bbpintadera.it\/wp-content\/uploads\/2018\/06\/testata-18-1500x313.jpg 1500w, https:\/\/bbpintadera.it\/wp-content\/uploads\/2018\/06\/testata-18-705x147.jpg 705w, https:\/\/bbpintadera.it\/wp-content\/uploads\/2018\/06\/testata-18-450x94.jpg 450w\" sizes=\"(max-width: 1920px) 100vw, 1920px\" \/><\/div><\/li><\/ul><\/div><\/div>\n\n<style type=\"text\/css\" data-created_by=\"avia_inline_auto\" id=\"style-css-av-av_section-e1a227fbdcaca6700cbfd53aede61279\">\n.avia-section.av-av_section-e1a227fbdcaca6700cbfd53aede61279{\nbackground-color:#f5a706;\nbackground-image:unset;\n}\n<\/style>\n<div id='av_section_1'  class='avia-section av-av_section-e1a227fbdcaca6700cbfd53aede61279 main_color avia-section-small avia-no-border-styling  avia-builder-el-1  el_after_av_slideshow_full  el_before_av_one_full  avia-bg-style-scroll container_wrap fullsize'  ><div class='container av-section-cont-open' ><div class='template-page content  av-content-full alpha units'><div class='post-entry post-entry-type-page post-entry-2562'><div class='entry-content-wrapper clearfix'>\n\n<style type=\"text\/css\" data-created_by=\"avia_inline_auto\" id=\"style-css-av-av_heading-c2ace18aa3f9ce6c07add58a14323f42\">\n#top .av-special-heading.av-av_heading-c2ace18aa3f9ce6c07add58a14323f42{\npadding-bottom:0;\ncolor:#ffffff;\n}\nbody .av-special-heading.av-av_heading-c2ace18aa3f9ce6c07add58a14323f42 .av-special-heading-tag .heading-char{\nfont-size:25px;\n}\n.av-special-heading.av-av_heading-c2ace18aa3f9ce6c07add58a14323f42 .special-heading-inner-border{\nborder-color:#ffffff;\n}\n.av-special-heading.av-av_heading-c2ace18aa3f9ce6c07add58a14323f42 .av-subheading{\nfont-size:15px;\n}\n<\/style>\n<div  class='av-special-heading av-av_heading-c2ace18aa3f9ce6c07add58a14323f42 av-special-heading-h1 custom-color-heading blockquote modern-quote modern-centered  avia-builder-el-2  avia-builder-el-no-sibling '><h1 class='av-special-heading-tag '  itemprop=\"headline\"  >Notre pr\u00e9sentation<\/h1><div class=\"special-heading-border\"><div class=\"special-heading-inner-border\"><\/div><\/div><\/div>\n<\/div><\/div><\/div><!-- close content main div --><\/div><\/div><div id='after_section_1'  class='main_color av_default_container_wrap container_wrap fullsize'  ><div class='container av-section-cont-open' ><div class='template-page content  av-content-full alpha units'><div class='post-entry post-entry-type-page post-entry-2562'><div class='entry-content-wrapper clearfix'>\n\n<style type=\"text\/css\" data-created_by=\"avia_inline_auto\" id=\"style-css-av-av_one_full-6126cab7d8fab8d08143dd2dacdf673c\">\n.flex_column.av-av_one_full-6126cab7d8fab8d08143dd2dacdf673c{\nborder-radius:0px 0px 0px 0px;\npadding:0px 0px 0px 0px;\n}\n<\/style>\n<div  class='flex_column av-av_one_full-6126cab7d8fab8d08143dd2dacdf673c av_one_full  avia-builder-el-3  el_after_av_section  el_before_av_button_big  avia-builder-el-no-sibling  first flex_column_div av-zero-column-padding  '     ><section  class='av_textblock_section av-m9jquj0f-86e076106a1b3edda752056aa5a9653d '   itemscope=\"itemscope\" itemtype=\"https:\/\/schema.org\/CreativeWork\" ><div class='avia_textblock'  itemprop=\"text\" ><p>Notre histoire commence loin de la merveilleuse \u00eele qu\u2019est la Sardaigne, dans une petite ville dans la p\u00e9riph\u00e9rie de Milan.<br \/>\n\u00c0 l\u2019aube de nos 30 ans, fatigu\u00e9s de la fr\u00e9n\u00e9sie urbaine, du peu de temps \u00e0 consacrer \u00e0 nos passions et du climat sombre et gris, nous avons d\u00e9cid\u00e9 de r\u00e9aliser notre grand r\u00eave, celui de changer de vie.<\/p>\n<p>Avec l\u2019arriv\u00e9e de notre fils, le moment \u00e9tait venu de sauter le pas. Et c\u2019est comme cela, qu\u2019en 2015, nous avons tout quitt\u00e9 et nous avons d\u00e9m\u00e9nag\u00e9 en Sardaigne, Plus pr\u00e9cis\u00e9ment \u00e0 Alghero, un endroit sp\u00e9cial que nous avons toujours aim\u00e9.<\/p>\n<h2>C&rsquo;est ainsi qu&rsquo;un nouveau chapitre de notre vie a commenc\u00e9 et que la Guesthouse Pintadera est n\u00e9.<\/h2>\n<p><strong>A propos, nous ne nous sommes toujours pas pr\u00e9sent\u00e9s\u2026<\/strong><\/p>\n<p>Je m\u2019appelle <strong>Andrea<\/strong>, je suis un magicien de l\u2019ordinateur, je fais partie d\u2019 une agence de communication ou mes associ\u00e9s sont aussi mes amis. Mais ma vraie passion, c\u2019est le jardinage. J\u2019aime \u00eatre en plein air, et m\u2019occuper des fleurs, des plantes et du potager.<\/p>\n<p>Je m\u2019appelle <strong>Elisa<\/strong> et je suis l\u2019\u00e2me du Guesthouse. Je me chargerai de vous faire sentir \u00e0 l\u2019aise en essayant de r\u00e9pondre \u00e0 vos attentes, en prenant soin de vous, en vous pr\u00e9parant de d\u00e9licieux petits d\u00e9jeuners et en faisant en sorte que votre chambre soit toujours propre et ordonn\u00e9e.<\/p>\n<p>Ce qui me caract\u00e9rise, c\u2019est la simplicit\u00e9 et la cordialit\u00e9. Je serai toujours \u00e0 disposition si vous en avez besoin, aussi afin d\u2019\u00e9changer quelques mots.<\/p>\n<p>Je m\u2019appelle <strong>Enea<\/strong>. Je suis n\u00e9 en 2013 et je suis le petit de la famille et de la maison. Avec mon enthousiasme et mon imagination, je remplis la vie de mes parents qui ne s\u2019ennuient jamais avec moi.<\/p>\n<p>Je serai content d\u2019avoir de nouveaux amis avec qui jouer et m\u2019amuser.<\/p>\n<p>Et je m&rsquo;appelle <strong>Eva<\/strong> et je suis la derni\u00e8re \u00e0 arriver! Je suis n\u00e9 en novembre 2019, \u00e9largissant notre famille. Je serai heureux de vous rencontrer et de commencer \u00e0 apprendre beaucoup de choses.<\/p>\n<h2>Ensemble, nous serons ravis de vous accueillir dans notre structure et de vous faire passer un agr\u00e9able s\u00e9jour dans notre petit coin du monde.<\/h2>\n<\/div><\/section><\/div><div  class='avia-button-wrap avia-button-center  avia-builder-el-5  el_after_av_one_full  avia-builder-el-last  btn-call-booking'>\n<style type=\"text\/css\" data-created_by=\"avia_inline_auto\" id=\"style-css-av-l068w2eq-95f1a6dcf4c55fb3df9940fcb2aa8a34\">\n#top #wrap_all .avia-button.av-l068w2eq-95f1a6dcf4c55fb3df9940fcb2aa8a34{\nbackground-color:#f5a506;\nborder-color:#f5a506;\ncolor:#ffffff;\ntransition:all 0.4s ease-in-out;\n}\n#top #wrap_all .avia-button.av-l068w2eq-95f1a6dcf4c55fb3df9940fcb2aa8a34:hover{\nbackground-color:#444444;\ncolor:#ffffff;\ntransition:all 0.4s ease-in-out;\n}\n#top #wrap_all .avia-button.av-l068w2eq-95f1a6dcf4c55fb3df9940fcb2aa8a34 .avia-svg-icon svg:first-child{\nfill:#ffffff;\nstroke:#ffffff;\n}\n#top #wrap_all .avia-button.av-l068w2eq-95f1a6dcf4c55fb3df9940fcb2aa8a34:hover .avia-svg-icon svg:first-child{\nfill:#ffffff;\nstroke:#ffffff;\n}\n<\/style>\n<a href='https:\/\/bbpintadera.it\/fr\/reservez-maintenant-vos-vacances-a-alghero\/' class='avia-button avia-button-fullwidth av-l068w2eq-95f1a6dcf4c55fb3df9940fcb2aa8a34 avia-icon_select-yes-left-icon avia-color-custom av-mini-hide'   aria-label=\"R\u00c9SERVEZ VOS VACANCES!\"><span class='avia_button_icon avia_button_icon_left avia-iconfont avia-font-entypo-fontello' data-av_icon='\ue82b' data-av_iconfont='entypo-fontello' ><\/span><span class='avia_iconbox_title' >R\u00c9SERVEZ VOS VACANCES!<\/span><\/a><\/div><\/p>\n","protected":false},"excerpt":{"rendered":"","protected":false},"author":1,"featured_media":0,"parent":0,"menu_order":0,"comment_status":"open","ping_status":"closed","template":"","meta":{"footnotes":""},"class_list":["post-2562","page","type-page","status-publish","hentry"],"_links":{"self":[{"href":"https:\/\/bbpintadera.it\/fr\/wp-json\/wp\/v2\/pages\/2562","targetHints":{"allow":["GET"]}}],"collection":[{"href":"https:\/\/bbpintadera.it\/fr\/wp-json\/wp\/v2\/pages"}],"about":[{"href":"https:\/\/bbpintadera.it\/fr\/wp-json\/wp\/v2\/types\/page"}],"author":[{"embeddable":true,"href":"https:\/\/bbpintadera.it\/fr\/wp-json\/wp\/v2\/users\/1"}],"replies":[{"embeddable":true,"href":"https:\/\/bbpintadera.it\/fr\/wp-json\/wp\/v2\/comments?post=2562"}],"version-history":[{"count":4,"href":"https:\/\/bbpintadera.it\/fr\/wp-json\/wp\/v2\/pages\/2562\/revisions"}],"predecessor-version":[{"id":4039,"href":"https:\/\/bbpintadera.it\/fr\/wp-json\/wp\/v2\/pages\/2562\/revisions\/4039"}],"wp:attachment":[{"href":"https:\/\/bbpintadera.it\/fr\/wp-json\/wp\/v2\/media?parent=2562"}],"curies":[{"name":"wp","href":"https:\/\/api.w.org\/{rel}","templated":true}]}}