{"id":3086,"date":"2021-02-22T08:18:21","date_gmt":"2021-02-22T08:18:21","guid":{"rendered":"https:\/\/bbpintadera.it\/bb\/la-piscine\/"},"modified":"2025-04-16T12:03:58","modified_gmt":"2025-04-16T12:03:58","slug":"la-piscine","status":"publish","type":"page","link":"https:\/\/bbpintadera.it\/fr\/bb\/la-piscine\/","title":{"rendered":"La piscine"},"content":{"rendered":"<div id='full_slider_1'  class='avia-fullwidth-slider main_color avia-shadow   avia-builder-el-0  el_before_av_section  avia-builder-el-first   container_wrap fullsize'  ><div  class='avia-slideshow av-d00p4b-77af809cc323e9b6cc6abefafe0d27f1 avia-slideshow-no scaling av_slideshow_full avia-slide-slider av-slideshow-ui av-control-hidden av-no-slider-navigation av-hide-nav-arrows av-slideshow-manual av-loop-once av-loop-manual-endless av-default-height-applied  image_no_stretch avia-slideshow-1' data-slideshow-options=\"{&quot;animation&quot;:&quot;slide&quot;,&quot;autoplay&quot;:false,&quot;loop_autoplay&quot;:&quot;once&quot;,&quot;interval&quot;:5,&quot;loop_manual&quot;:&quot;manual-endless&quot;,&quot;autoplay_stopper&quot;:false,&quot;noNavigation&quot;:true,&quot;bg_slider&quot;:false,&quot;keep_padding&quot;:false,&quot;hoverpause&quot;:false,&quot;show_slide_delay&quot;:0}\"  itemprop=\"image\" itemscope=\"itemscope\" itemtype=\"https:\/\/schema.org\/ImageObject\" ><ul class='avia-slideshow-inner ' style='padding-bottom: 20.833333333333%;'><li  class='avia-slideshow-slide av-d00p4b-77af809cc323e9b6cc6abefafe0d27f1__0  av-single-slide slide-1 slide-odd'><div data-rel='slideshow-1' class='avia-slide-wrap '   ><img decoding=\"async\" fetchpriority=\"high\" class=\"wp-image-2846 avia-img-lazy-loading-not-2846\"  src=\"https:\/\/bbpintadera.it\/wp-content\/uploads\/2020\/07\/testata-piscina.jpg\" width=\"1920\" height=\"400\" title='testata-piscina' alt=''  itemprop=\"thumbnailUrl\"  style='min-height:400px; min-width:1920px; ' srcset=\"https:\/\/bbpintadera.it\/wp-content\/uploads\/2020\/07\/testata-piscina.jpg 1920w, https:\/\/bbpintadera.it\/wp-content\/uploads\/2020\/07\/testata-piscina-300x63.jpg 300w, https:\/\/bbpintadera.it\/wp-content\/uploads\/2020\/07\/testata-piscina-768x160.jpg 768w, https:\/\/bbpintadera.it\/wp-content\/uploads\/2020\/07\/testata-piscina-1030x215.jpg 1030w, https:\/\/bbpintadera.it\/wp-content\/uploads\/2020\/07\/testata-piscina-1500x313.jpg 1500w, https:\/\/bbpintadera.it\/wp-content\/uploads\/2020\/07\/testata-piscina-705x147.jpg 705w, https:\/\/bbpintadera.it\/wp-content\/uploads\/2020\/07\/testata-piscina-450x94.jpg 450w\" sizes=\"(max-width: 1920px) 100vw, 1920px\" \/><\/div><\/li><\/ul><\/div><\/div>\n\n<style type=\"text\/css\" data-created_by=\"avia_inline_auto\" id=\"style-css-av-8ve9dn-75231a1409cf5be044378178d4579477\">\n.avia-section.av-8ve9dn-75231a1409cf5be044378178d4579477{\nbackground-color:#f5a706;\nbackground-image:unset;\n}\n<\/style>\n<div id='av_section_1'  class='avia-section av-8ve9dn-75231a1409cf5be044378178d4579477 main_color avia-section-small avia-no-border-styling  avia-builder-el-1  el_after_av_slideshow_full  el_before_av_one_full  avia-bg-style-scroll container_wrap fullsize'  ><div class='container av-section-cont-open' ><div class='template-page content  av-content-full alpha units'><div class='post-entry post-entry-type-page post-entry-3086'><div class='entry-content-wrapper clearfix'>\n\n<style type=\"text\/css\" data-created_by=\"avia_inline_auto\" id=\"style-css-av-7pruh7-125f72505c9fc37a9f89e133740e0618\">\n#top .av-special-heading.av-7pruh7-125f72505c9fc37a9f89e133740e0618{\npadding-bottom:0;\ncolor:#ffffff;\n}\nbody .av-special-heading.av-7pruh7-125f72505c9fc37a9f89e133740e0618 .av-special-heading-tag .heading-char{\nfont-size:25px;\n}\n.av-special-heading.av-7pruh7-125f72505c9fc37a9f89e133740e0618 .special-heading-inner-border{\nborder-color:#ffffff;\n}\n.av-special-heading.av-7pruh7-125f72505c9fc37a9f89e133740e0618 .av-subheading{\nfont-size:15px;\n}\n<\/style>\n<div  class='av-special-heading av-7pruh7-125f72505c9fc37a9f89e133740e0618 av-special-heading-h1 custom-color-heading blockquote modern-quote modern-centered  avia-builder-el-2  avia-builder-el-no-sibling '><h1 class='av-special-heading-tag '  itemprop=\"headline\"  >Guesthouse &#8211; La piscine<\/h1><div class=\"special-heading-border\"><div class=\"special-heading-inner-border\"><\/div><\/div><\/div>\n<\/div><\/div><\/div><!-- close content main div --><\/div><\/div><div id='after_section_1'  class='main_color av_default_container_wrap container_wrap fullsize'  ><div class='container av-section-cont-open' ><div class='template-page content  av-content-full alpha units'><div class='post-entry post-entry-type-page post-entry-3086'><div class='entry-content-wrapper clearfix'>\n<style type=\"text\/css\" data-created_by=\"avia_inline_auto\" id=\"style-css-av-5b4mt7-0b9a7b5e594a2732eaf3fed32a9ae46a\">\n.flex_column.av-5b4mt7-0b9a7b5e594a2732eaf3fed32a9ae46a{\nborder-radius:0px 0px 0px 0px;\npadding:0px 0px 0px 0px;\n}\n<\/style>\n<div  class='flex_column av-5b4mt7-0b9a7b5e594a2732eaf3fed32a9ae46a av_one_full  avia-builder-el-3  el_after_av_section  el_before_av_button_big  avia-builder-el-no-sibling  first flex_column_div av-zero-column-padding  '     ><section  class='av_textblock_section av-3qwvvf-1c4fb0cb6c2efe61408e9cb5b0f8785c '   itemscope=\"itemscope\" itemtype=\"https:\/\/schema.org\/CreativeWork\" ><div class='avia_textblock'  itemprop=\"text\" ><h3>Vous revez d\u2019un bon bain rafra\u00eechissant ou vous souhaitez vous d\u00e9tendre en lisant un livre \u00e0 l\u2019ombre<br \/>\ndu parasol? Dans le jardin de notre Guesthouse, vous pourrez &#8230;<\/h3>\n<p>La mer en Sardaigne est splendide, magnifique, unique. Nous vous conseillons de d\u00e9couvrir les plages, et d\u2019en profiter autant que vous le voulez.<br \/>\nMais profiter de la tranquillit\u00e9 de la campagne ne signifie pas n\u00e9cessairement renoncer aux joies d\u2019un bon bain agr\u00e9able et rafra\u00eechissant<\/p>\n<h3>Profitez de moments de d\u00e9tente au sein de notre structure<\/h3>\n<p>Si de temps en temps vous souhaitez vous \u00ab\u00a0d\u00e9connecter\u00a0\u00bb de la plage pour profiter pleinement de quelques heures de d\u00e9tente immerg\u00e9 dans une nature pr\u00e9serv\u00e9e, vous souhaiter profiter des bienfaits d\u2019un bain r\u00e9g\u00e9n\u00e9rant dans une piscine, id\u00e9ale lors des journ\u00e9es les plus chaudes d&rsquo;\u00e9t\u00e9.<br \/>\nAfin d\u2019exaucer ce souhait, nous avons dot\u00e9 notre Guesthouse d\u2019un service suppl\u00e9mentaire : un espace piscine.<\/p>\n<h3>La piscine du Guesthouse Pintadera<\/h3>\n<p>Une grande piscine hors sol dans un espace d\u00e9di\u00e9 avec parasols, tables, chaises et transats. Un espace sp\u00e9cialement con\u00e7u pour la d\u00e9tente et le bien-\u00eatre de toute la famille o\u00f9 vous pourrez profiter d\u2019un moment de relax, pendant que les enfants jouent en toute s\u00e9curit\u00e9 dans la piscine.<br \/>\nNotre piscine est r\u00e9guli\u00e8rement trait\u00e9e avec du chlore et des syst\u00e8mes d&rsquo;assainissement qui garantissent un renouvellement et une filtration constantes de l&rsquo;eau pour une propret\u00e9 et une hygi\u00e8ne maximales.<br \/>\nSaviez-vous que \u00ab\u00a0pr\u00e9sence d\u2019une piscine\u00a0\u00bb est l&rsquo;un des filtres les plus utilis\u00e9s par les clients qui doivent r\u00e9server leurs vacances?<br \/>\nM\u00eame si notre chambre d\u2019hote se veut loin des conventions du tourisme de masse, nous avons d\u00e9cid\u00e9 d&rsquo;offrir exclusivement \u00e0 nos h\u00f4tes ce petit grand \u00abcadeau\u00bb.<\/p>\n<h3>Un derni\u00e8r petit d\u00e9tail<\/h3>\n<p>Nous n&rsquo;avons pas choisi n&rsquo;importe quel endroit pour notre piscine &#8230;<br \/>\nDe cet endroit de notre jardin, vous pourrez admirer la magnifique campagne qui nous entoure, les collines environnantes, jeter un \u0153il au potager et vous d\u00e9tendre en lisant un livre ou simplement profiter du soleil qui embrasse si souvent notre merveilleuse ile qu\u2019est la Sardaigne.<br \/>\nUn jolie vue qui rendra votre permanence dans notre espace piscine encore plus agr\u00e9ables.<\/p>\n<\/div><\/section><\/div><div  class='avia-button-wrap avia-button-center  avia-builder-el-5  el_after_av_one_full  el_before_av_masonry_gallery  btn-call-booking'>\n<style type=\"text\/css\" data-created_by=\"avia_inline_auto\" id=\"style-css-av-l068w2eq-95f1a6dcf4c55fb3df9940fcb2aa8a34\">\n#top #wrap_all .avia-button.av-l068w2eq-95f1a6dcf4c55fb3df9940fcb2aa8a34{\nbackground-color:#f5a506;\nborder-color:#f5a506;\ncolor:#ffffff;\ntransition:all 0.4s ease-in-out;\n}\n#top #wrap_all .avia-button.av-l068w2eq-95f1a6dcf4c55fb3df9940fcb2aa8a34:hover{\nbackground-color:#444444;\ncolor:#ffffff;\ntransition:all 0.4s ease-in-out;\n}\n#top #wrap_all .avia-button.av-l068w2eq-95f1a6dcf4c55fb3df9940fcb2aa8a34 .avia-svg-icon svg:first-child{\nfill:#ffffff;\nstroke:#ffffff;\n}\n#top #wrap_all .avia-button.av-l068w2eq-95f1a6dcf4c55fb3df9940fcb2aa8a34:hover .avia-svg-icon svg:first-child{\nfill:#ffffff;\nstroke:#ffffff;\n}\n<\/style>\n<a href='https:\/\/bbpintadera.it\/fr\/reservez-maintenant-vos-vacances-a-alghero\/' class='avia-button avia-button-fullwidth av-l068w2eq-95f1a6dcf4c55fb3df9940fcb2aa8a34 avia-icon_select-yes-left-icon avia-color-custom av-mini-hide'   aria-label=\"R\u00c9SERVEZ VOS VACANCES!\"><span class='avia_button_icon avia_button_icon_left avia-iconfont avia-font-entypo-fontello' data-av_icon='\ue82b' data-av_iconfont='entypo-fontello' ><\/span><span class='avia_iconbox_title' >R\u00c9SERVEZ VOS VACANCES!<\/span><\/a><\/div><\/p>\n<div id='av-masonry-1' class='av-masonry av-37o5ln-5607c9e72b6bc1d3e705e4fa4325431e noHover av-flex-size av-1px-gap av-hover-overlay- av-masonry-animation-active av-masonry-col-4 av-caption-always av-caption-style- av-masonry-gallery ' data-post_id=\"3086\"><div class=\"av-masonry-container isotope av-js-disabled\"><div class='av-masonry-entry isotope-item av-masonry-item-no-image '><\/div><div id='av-masonry-1-item-2841' data-av-masonry-item='2841' class='av-masonry-entry isotope-item post-2841 attachment type-attachment status-inherit hentry category-non-classifiee  av-masonry-item-with-image'    itemprop=\"thumbnailUrl\" ><div class='av-inner-masonry-sizer'><\/div><figure class='av-inner-masonry main_color'><div class=\"av-masonry-outerimage-container\"><div class='av-masonry-image-container'  ><img decoding=\"async\" width=\"705\" height=\"529\" fetchpriority=\"high\" class=\"wp-image-2841 avia-img-lazy-loading-not-2841\"  src=\"https:\/\/bbpintadera.it\/wp-content\/uploads\/2020\/07\/bbpintadera_piscina_1-705x529.jpg\" title=\"bbpintadera_piscina_1\" alt=\"\" srcset=\"https:\/\/bbpintadera.it\/wp-content\/uploads\/2020\/07\/bbpintadera_piscina_1-705x529.jpg 705w, https:\/\/bbpintadera.it\/wp-content\/uploads\/2020\/07\/bbpintadera_piscina_1-300x225.jpg 300w, https:\/\/bbpintadera.it\/wp-content\/uploads\/2020\/07\/bbpintadera_piscina_1-768x576.jpg 768w, https:\/\/bbpintadera.it\/wp-content\/uploads\/2020\/07\/bbpintadera_piscina_1-1030x773.jpg 1030w, https:\/\/bbpintadera.it\/wp-content\/uploads\/2020\/07\/bbpintadera_piscina_1-1500x1125.jpg 1500w, https:\/\/bbpintadera.it\/wp-content\/uploads\/2020\/07\/bbpintadera_piscina_1-450x338.jpg 450w\" sizes=\"(max-width: 705px) 100vw, 705px\" \/><\/div><\/div><\/figure><\/div><!--end av-masonry entry--><div id='av-masonry-1-item-2826' data-av-masonry-item='2826' class='av-masonry-entry isotope-item post-2826 attachment type-attachment status-inherit hentry category-non-classifiee  av-masonry-item-with-image'    itemprop=\"thumbnailUrl\" ><div class='av-inner-masonry-sizer'><\/div><figure class='av-inner-masonry main_color'><div class=\"av-masonry-outerimage-container\"><div class='av-masonry-image-container'  ><img decoding=\"async\" width=\"705\" height=\"529\" fetchpriority=\"high\" class=\"wp-image-2826 avia-img-lazy-loading-not-2826\"  src=\"https:\/\/bbpintadera.it\/wp-content\/uploads\/2020\/07\/bbpintadera_piscina_8-705x529.jpg\" title=\"bbpintadera_piscina_8\" alt=\"\" srcset=\"https:\/\/bbpintadera.it\/wp-content\/uploads\/2020\/07\/bbpintadera_piscina_8-705x529.jpg 705w, https:\/\/bbpintadera.it\/wp-content\/uploads\/2020\/07\/bbpintadera_piscina_8-300x225.jpg 300w, https:\/\/bbpintadera.it\/wp-content\/uploads\/2020\/07\/bbpintadera_piscina_8-768x576.jpg 768w, https:\/\/bbpintadera.it\/wp-content\/uploads\/2020\/07\/bbpintadera_piscina_8-1030x773.jpg 1030w, https:\/\/bbpintadera.it\/wp-content\/uploads\/2020\/07\/bbpintadera_piscina_8-1500x1125.jpg 1500w, https:\/\/bbpintadera.it\/wp-content\/uploads\/2020\/07\/bbpintadera_piscina_8-450x338.jpg 450w\" sizes=\"(max-width: 705px) 100vw, 705px\" \/><\/div><\/div><\/figure><\/div><!--end av-masonry entry--><div id='av-masonry-1-item-2838' data-av-masonry-item='2838' class='av-masonry-entry isotope-item post-2838 attachment type-attachment status-inherit hentry category-non-classifiee  av-masonry-item-with-image'    itemprop=\"thumbnailUrl\" ><div class='av-inner-masonry-sizer'><\/div><figure class='av-inner-masonry main_color'><div class=\"av-masonry-outerimage-container\"><div class='av-masonry-image-container'  ><img decoding=\"async\" width=\"705\" height=\"529\" fetchpriority=\"high\" class=\"wp-image-2838 avia-img-lazy-loading-not-2838\"  src=\"https:\/\/bbpintadera.it\/wp-content\/uploads\/2020\/07\/bbpintadera_piscina_12-705x529.jpg\" title=\"bbpintadera_piscina_12\" alt=\"\" srcset=\"https:\/\/bbpintadera.it\/wp-content\/uploads\/2020\/07\/bbpintadera_piscina_12-705x529.jpg 705w, https:\/\/bbpintadera.it\/wp-content\/uploads\/2020\/07\/bbpintadera_piscina_12-300x225.jpg 300w, https:\/\/bbpintadera.it\/wp-content\/uploads\/2020\/07\/bbpintadera_piscina_12-768x576.jpg 768w, https:\/\/bbpintadera.it\/wp-content\/uploads\/2020\/07\/bbpintadera_piscina_12-1030x773.jpg 1030w, https:\/\/bbpintadera.it\/wp-content\/uploads\/2020\/07\/bbpintadera_piscina_12-1500x1125.jpg 1500w, https:\/\/bbpintadera.it\/wp-content\/uploads\/2020\/07\/bbpintadera_piscina_12-450x338.jpg 450w\" sizes=\"(max-width: 705px) 100vw, 705px\" \/><\/div><\/div><\/figure><\/div><!--end av-masonry entry--><div id='av-masonry-1-item-2832' data-av-masonry-item='2832' class='av-masonry-entry isotope-item post-2832 attachment type-attachment status-inherit hentry category-non-classifiee  av-masonry-item-with-image'    itemprop=\"thumbnailUrl\" ><div class='av-inner-masonry-sizer'><\/div><figure class='av-inner-masonry main_color'><div class=\"av-masonry-outerimage-container\"><div class='av-masonry-image-container'  ><img decoding=\"async\" width=\"705\" height=\"529\" fetchpriority=\"high\" class=\"wp-image-2832 avia-img-lazy-loading-not-2832\"  src=\"https:\/\/bbpintadera.it\/wp-content\/uploads\/2020\/07\/bbpintadera_piscina_10-705x529.jpg\" title=\"bbpintadera_piscina_10\" alt=\"\" srcset=\"https:\/\/bbpintadera.it\/wp-content\/uploads\/2020\/07\/bbpintadera_piscina_10-705x529.jpg 705w, https:\/\/bbpintadera.it\/wp-content\/uploads\/2020\/07\/bbpintadera_piscina_10-300x225.jpg 300w, https:\/\/bbpintadera.it\/wp-content\/uploads\/2020\/07\/bbpintadera_piscina_10-768x576.jpg 768w, https:\/\/bbpintadera.it\/wp-content\/uploads\/2020\/07\/bbpintadera_piscina_10-1030x773.jpg 1030w, https:\/\/bbpintadera.it\/wp-content\/uploads\/2020\/07\/bbpintadera_piscina_10-1500x1125.jpg 1500w, https:\/\/bbpintadera.it\/wp-content\/uploads\/2020\/07\/bbpintadera_piscina_10-450x338.jpg 450w\" sizes=\"(max-width: 705px) 100vw, 705px\" \/><\/div><\/div><\/figure><\/div><!--end av-masonry entry--><div id='av-masonry-1-item-2835' data-av-masonry-item='2835' class='av-masonry-entry isotope-item post-2835 attachment type-attachment status-inherit hentry category-non-classifiee  av-masonry-item-with-image'    itemprop=\"thumbnailUrl\" ><div class='av-inner-masonry-sizer'><\/div><figure class='av-inner-masonry main_color'><div class=\"av-masonry-outerimage-container\"><div class='av-masonry-image-container'  ><img decoding=\"async\" width=\"705\" height=\"529\" fetchpriority=\"high\" class=\"wp-image-2835 avia-img-lazy-loading-not-2835\"  src=\"https:\/\/bbpintadera.it\/wp-content\/uploads\/2020\/07\/bbpintadera_piscina_11-705x529.jpg\" title=\"bbpintadera_piscina_11\" alt=\"\" srcset=\"https:\/\/bbpintadera.it\/wp-content\/uploads\/2020\/07\/bbpintadera_piscina_11-705x529.jpg 705w, https:\/\/bbpintadera.it\/wp-content\/uploads\/2020\/07\/bbpintadera_piscina_11-300x225.jpg 300w, https:\/\/bbpintadera.it\/wp-content\/uploads\/2020\/07\/bbpintadera_piscina_11-768x576.jpg 768w, https:\/\/bbpintadera.it\/wp-content\/uploads\/2020\/07\/bbpintadera_piscina_11-1030x773.jpg 1030w, https:\/\/bbpintadera.it\/wp-content\/uploads\/2020\/07\/bbpintadera_piscina_11-1500x1125.jpg 1500w, https:\/\/bbpintadera.it\/wp-content\/uploads\/2020\/07\/bbpintadera_piscina_11-450x338.jpg 450w\" sizes=\"(max-width: 705px) 100vw, 705px\" \/><\/div><\/div><\/figure><\/div><!--end av-masonry entry--><div id='av-masonry-1-item-2823' data-av-masonry-item='2823' class='av-masonry-entry isotope-item post-2823 attachment type-attachment status-inherit hentry category-non-classifiee  av-masonry-item-with-image'    itemprop=\"thumbnailUrl\" ><div class='av-inner-masonry-sizer'><\/div><figure class='av-inner-masonry main_color'><div class=\"av-masonry-outerimage-container\"><div class='av-masonry-image-container'  ><img decoding=\"async\" width=\"705\" height=\"529\" fetchpriority=\"high\" class=\"wp-image-2823 avia-img-lazy-loading-not-2823\"  src=\"https:\/\/bbpintadera.it\/wp-content\/uploads\/2020\/07\/bbpintadera_piscina_7-705x529.jpg\" title=\"bbpintadera_piscina_7\" alt=\"\" srcset=\"https:\/\/bbpintadera.it\/wp-content\/uploads\/2020\/07\/bbpintadera_piscina_7-705x529.jpg 705w, https:\/\/bbpintadera.it\/wp-content\/uploads\/2020\/07\/bbpintadera_piscina_7-300x225.jpg 300w, https:\/\/bbpintadera.it\/wp-content\/uploads\/2020\/07\/bbpintadera_piscina_7-768x576.jpg 768w, https:\/\/bbpintadera.it\/wp-content\/uploads\/2020\/07\/bbpintadera_piscina_7-1030x773.jpg 1030w, https:\/\/bbpintadera.it\/wp-content\/uploads\/2020\/07\/bbpintadera_piscina_7-1500x1125.jpg 1500w, https:\/\/bbpintadera.it\/wp-content\/uploads\/2020\/07\/bbpintadera_piscina_7-450x338.jpg 450w\" sizes=\"(max-width: 705px) 100vw, 705px\" \/><\/div><\/div><\/figure><\/div><!--end av-masonry entry--><div id='av-masonry-1-item-2817' data-av-masonry-item='2817' class='av-masonry-entry isotope-item post-2817 attachment type-attachment status-inherit hentry category-non-classifiee  av-masonry-item-with-image'    itemprop=\"thumbnailUrl\" ><div class='av-inner-masonry-sizer'><\/div><figure class='av-inner-masonry main_color'><div class=\"av-masonry-outerimage-container\"><div class='av-masonry-image-container'  ><img decoding=\"async\" width=\"705\" height=\"529\" fetchpriority=\"high\" class=\"wp-image-2817 avia-img-lazy-loading-not-2817\"  src=\"https:\/\/bbpintadera.it\/wp-content\/uploads\/2020\/07\/bbpintadera_piscina_5-705x529.jpg\" title=\"bbpintadera_piscina_5\" alt=\"\" srcset=\"https:\/\/bbpintadera.it\/wp-content\/uploads\/2020\/07\/bbpintadera_piscina_5-705x529.jpg 705w, https:\/\/bbpintadera.it\/wp-content\/uploads\/2020\/07\/bbpintadera_piscina_5-300x225.jpg 300w, https:\/\/bbpintadera.it\/wp-content\/uploads\/2020\/07\/bbpintadera_piscina_5-768x576.jpg 768w, https:\/\/bbpintadera.it\/wp-content\/uploads\/2020\/07\/bbpintadera_piscina_5-1030x773.jpg 1030w, https:\/\/bbpintadera.it\/wp-content\/uploads\/2020\/07\/bbpintadera_piscina_5-1500x1125.jpg 1500w, https:\/\/bbpintadera.it\/wp-content\/uploads\/2020\/07\/bbpintadera_piscina_5-450x338.jpg 450w\" sizes=\"(max-width: 705px) 100vw, 705px\" \/><\/div><\/div><\/figure><\/div><!--end av-masonry entry--><div id='av-masonry-1-item-2814' data-av-masonry-item='2814' class='av-masonry-entry isotope-item post-2814 attachment type-attachment status-inherit hentry category-non-classifiee  av-masonry-item-with-image'    itemprop=\"thumbnailUrl\" ><div class='av-inner-masonry-sizer'><\/div><figure class='av-inner-masonry main_color'><div class=\"av-masonry-outerimage-container\"><div class='av-masonry-image-container'  ><img decoding=\"async\" width=\"705\" height=\"529\" fetchpriority=\"high\" class=\"wp-image-2814 avia-img-lazy-loading-not-2814\"  src=\"https:\/\/bbpintadera.it\/wp-content\/uploads\/2020\/07\/bbpintadera_piscina_4-705x529.jpg\" title=\"bbpintadera_piscina_4\" alt=\"\" srcset=\"https:\/\/bbpintadera.it\/wp-content\/uploads\/2020\/07\/bbpintadera_piscina_4-705x529.jpg 705w, https:\/\/bbpintadera.it\/wp-content\/uploads\/2020\/07\/bbpintadera_piscina_4-300x225.jpg 300w, https:\/\/bbpintadera.it\/wp-content\/uploads\/2020\/07\/bbpintadera_piscina_4-768x576.jpg 768w, https:\/\/bbpintadera.it\/wp-content\/uploads\/2020\/07\/bbpintadera_piscina_4-1030x773.jpg 1030w, https:\/\/bbpintadera.it\/wp-content\/uploads\/2020\/07\/bbpintadera_piscina_4-1500x1125.jpg 1500w, https:\/\/bbpintadera.it\/wp-content\/uploads\/2020\/07\/bbpintadera_piscina_4-450x338.jpg 450w\" sizes=\"(max-width: 705px) 100vw, 705px\" \/><\/div><\/div><\/figure><\/div><!--end av-masonry entry--><\/div><\/div>\n","protected":false},"excerpt":{"rendered":"","protected":false},"author":1,"featured_media":0,"parent":2579,"menu_order":0,"comment_status":"closed","ping_status":"closed","template":"","meta":{"footnotes":""},"class_list":["post-3086","page","type-page","status-publish","hentry"],"_links":{"self":[{"href":"https:\/\/bbpintadera.it\/fr\/wp-json\/wp\/v2\/pages\/3086","targetHints":{"allow":["GET"]}}],"collection":[{"href":"https:\/\/bbpintadera.it\/fr\/wp-json\/wp\/v2\/pages"}],"about":[{"href":"https:\/\/bbpintadera.it\/fr\/wp-json\/wp\/v2\/types\/page"}],"author":[{"embeddable":true,"href":"https:\/\/bbpintadera.it\/fr\/wp-json\/wp\/v2\/users\/1"}],"replies":[{"embeddable":true,"href":"https:\/\/bbpintadera.it\/fr\/wp-json\/wp\/v2\/comments?post=3086"}],"version-history":[{"count":6,"href":"https:\/\/bbpintadera.it\/fr\/wp-json\/wp\/v2\/pages\/3086\/revisions"}],"predecessor-version":[{"id":4073,"href":"https:\/\/bbpintadera.it\/fr\/wp-json\/wp\/v2\/pages\/3086\/revisions\/4073"}],"up":[{"embeddable":true,"href":"https:\/\/bbpintadera.it\/fr\/wp-json\/wp\/v2\/pages\/2579"}],"wp:attachment":[{"href":"https:\/\/bbpintadera.it\/fr\/wp-json\/wp\/v2\/media?parent=3086"}],"curies":[{"name":"wp","href":"https:\/\/api.w.org\/{rel}","templated":true}]}}