{"id":3250,"date":"2022-02-28T05:50:21","date_gmt":"2022-02-28T05:50:21","guid":{"rendered":"https:\/\/bbpintadera.it\/reservez-maintenant-vos-vacances-a-alghero\/"},"modified":"2024-01-09T15:26:46","modified_gmt":"2024-01-09T15:26:46","slug":"reservez-maintenant-vos-vacances-a-alghero","status":"publish","type":"page","link":"https:\/\/bbpintadera.it\/fr\/reservez-maintenant-vos-vacances-a-alghero\/","title":{"rendered":"R\u00e9servez maintenant vos vacances \u00e0 Alghero"},"content":{"rendered":"<div id='full_slider_1'  class='avia-fullwidth-slider main_color avia-shadow   avia-builder-el-0  el_before_av_heading  avia-builder-el-first   container_wrap fullsize'  ><div  class='avia-slideshow av-l069srkx-0460fe92a3019ecde3b8d28590f50a6d avia-slideshow-no scaling av_slideshow_full avia-slide-slider av-slideshow-ui av-control-default av-slideshow-manual av-loop-once av-loop-manual-endless av-default-height-applied   avia-slideshow-1' data-slideshow-options=\"{&quot;animation&quot;:&quot;slide&quot;,&quot;autoplay&quot;:false,&quot;loop_autoplay&quot;:&quot;once&quot;,&quot;interval&quot;:5,&quot;loop_manual&quot;:&quot;manual-endless&quot;,&quot;autoplay_stopper&quot;:false,&quot;noNavigation&quot;:false,&quot;bg_slider&quot;:false,&quot;keep_padding&quot;:false,&quot;hoverpause&quot;:false,&quot;show_slide_delay&quot;:0}\"  itemprop=\"image\" itemscope=\"itemscope\" itemtype=\"https:\/\/schema.org\/ImageObject\" ><ul class='avia-slideshow-inner ' style='padding-bottom: 20.833333333333%;'><li  class='avia-slideshow-slide av-l069srkx-0460fe92a3019ecde3b8d28590f50a6d__0  av-single-slide slide-1 slide-odd'><div data-rel='slideshow-1' class='avia-slide-wrap '   ><img decoding=\"async\" fetchpriority=\"high\" class=\"wp-image-3200 avia-img-lazy-loading-not-3200\"  src=\"https:\/\/bbpintadera.it\/wp-content\/uploads\/2022\/02\/top-rooms-structure.jpg\" width=\"1920\" height=\"400\" title='top-rooms-structure' alt=''  itemprop=\"thumbnailUrl\" srcset=\"https:\/\/bbpintadera.it\/wp-content\/uploads\/2022\/02\/top-rooms-structure.jpg 1920w, https:\/\/bbpintadera.it\/wp-content\/uploads\/2022\/02\/top-rooms-structure-300x63.jpg 300w, https:\/\/bbpintadera.it\/wp-content\/uploads\/2022\/02\/top-rooms-structure-1030x215.jpg 1030w, https:\/\/bbpintadera.it\/wp-content\/uploads\/2022\/02\/top-rooms-structure-768x160.jpg 768w, https:\/\/bbpintadera.it\/wp-content\/uploads\/2022\/02\/top-rooms-structure-1536x320.jpg 1536w, https:\/\/bbpintadera.it\/wp-content\/uploads\/2022\/02\/top-rooms-structure-1500x313.jpg 1500w, https:\/\/bbpintadera.it\/wp-content\/uploads\/2022\/02\/top-rooms-structure-705x147.jpg 705w\" sizes=\"(max-width: 1920px) 100vw, 1920px\" \/><\/div><\/li><\/ul><\/div><\/div><div id='after_full_slider_1'  class='main_color av_default_container_wrap container_wrap fullsize'  ><div class='container av-section-cont-open' ><div class='template-page content  av-content-full alpha units'><div class='post-entry post-entry-type-page post-entry-3250'><div class='entry-content-wrapper clearfix'>\n\n<style type=\"text\/css\" data-created_by=\"avia_inline_auto\" id=\"style-css-av-lcqaiz24-34d97b3815da339a469df8a6ea4d04b0\">\n#top .av-special-heading.av-lcqaiz24-34d97b3815da339a469df8a6ea4d04b0{\npadding-bottom:10px;\n}\nbody .av-special-heading.av-lcqaiz24-34d97b3815da339a469df8a6ea4d04b0 .av-special-heading-tag .heading-char{\nfont-size:25px;\n}\n.av-special-heading.av-lcqaiz24-34d97b3815da339a469df8a6ea4d04b0 .av-subheading{\nfont-size:15px;\n}\n<\/style>\n<div  class='av-special-heading av-lcqaiz24-34d97b3815da339a469df8a6ea4d04b0 av-special-heading-h1 blockquote modern-quote modern-centered  avia-builder-el-1  el_after_av_slideshow_full  el_before_av_one_third  avia-builder-el-first '><h1 class='av-special-heading-tag '  itemprop=\"headline\"  >V\u00e9rifiez la disponibilit\u00e9 et r\u00e9servez d\u00e8s maintenant vos vacances \u00e0 Alghero!<\/h1><div class=\"special-heading-border\"><div class=\"special-heading-inner-border\"><\/div><\/div><\/div>\n\n<style type=\"text\/css\" data-created_by=\"avia_inline_auto\" id=\"style-css-av-264513-59a5f5e4429bc10521c6d09bedf2f30e\">\n.flex_column.av-264513-59a5f5e4429bc10521c6d09bedf2f30e{\nborder-radius:0px 0px 0px 0px;\npadding:0px 0px 0px 0px;\n}\n<\/style>\n<div  class='flex_column av-264513-59a5f5e4429bc10521c6d09bedf2f30e av_one_third  avia-builder-el-2  el_after_av_heading  el_before_av_two_third  first flex_column_div av-zero-column-padding  '     ><p>\n<style type=\"text\/css\" data-created_by=\"avia_inline_auto\" id=\"style-css-av-lcqak78v-cfbd87c98549ace072f9ca1fa208c134\">\n#top .av-special-heading.av-lcqak78v-cfbd87c98549ace072f9ca1fa208c134{\npadding-bottom:10px;\n}\nbody .av-special-heading.av-lcqak78v-cfbd87c98549ace072f9ca1fa208c134 .av-special-heading-tag .heading-char{\nfont-size:25px;\n}\n.av-special-heading.av-lcqak78v-cfbd87c98549ace072f9ca1fa208c134 .av-subheading{\nfont-size:15px;\n}\n<\/style>\n<div  class='av-special-heading av-lcqak78v-cfbd87c98549ace072f9ca1fa208c134 av-special-heading-h2 blockquote modern-quote  avia-builder-el-3  el_before_av_textblock  avia-builder-el-first '><h2 class='av-special-heading-tag '  itemprop=\"headline\"  >Pourquoi nous choisir &#8230;<\/h2><div class=\"special-heading-border\"><div class=\"special-heading-inner-border\"><\/div><\/div><\/div><br \/>\n<section  class='av_textblock_section av-l470hgtk-d5bf0c0917baa42eb6d5cecbd35f0b90 '   itemscope=\"itemscope\" itemtype=\"https:\/\/schema.org\/CreativeWork\" ><div class='avia_textblock'  itemprop=\"text\" ><ul>\n<li>Nous ferons en sorte que vous vous sentiez comme chez vous<\/li>\n<li>Vous appr\u00e9cierez le calme et la tranquillit\u00e9 de la campagne<\/li>\n<li>Nous sommes proches d&rsquo;Alghero et des plus belles plages de la r\u00e9gion<\/li>\n<li>Nous vous proposons des exp\u00e9riences, des visites et des d\u00e9gustations<\/li>\n<li>Nous effectuons un nettoyage quotidien de la chambre<\/li>\n<li>Nous fournissons un kit de plage<\/li>\n<li>Le parking est cl\u00f4tur\u00e9 et sous vid\u00e9osurveillance<\/li>\n<li>Un grand jardin et une piscine o\u00f9 vous pourrez vous d\u00e9tendre<\/li>\n<li>Vous pourrez r\u00e9colter et d\u00e9guster nos produits<\/li>\n<\/ul>\n<\/div><\/section><\/p><\/div>\n\n<style type=\"text\/css\" data-created_by=\"avia_inline_auto\" id=\"style-css-av-264513-397a5b383950a9bb195e14f815a9c1fb\">\n.flex_column.av-264513-397a5b383950a9bb195e14f815a9c1fb{\nborder-radius:0px 0px 0px 0px;\npadding:0px 0px 0px 0px;\n}\n<\/style>\n<div  class='flex_column av-264513-397a5b383950a9bb195e14f815a9c1fb av_two_third  avia-builder-el-5  el_after_av_one_third  avia-builder-el-last  flex_column_div av-zero-column-padding  '     ><p><div id='avia-messagebox-' class='avia_message_box av_notification av-l47088d0-a6ebe8ab98e96b7cf23636c0e92c804c avia-color-green avia-size-large avia-icon_select-no avia-border-  avia-builder-el-6  el_before_av_codeblock  avia-builder-el-first ' ><span class='avia_message_box_title' >Some indications<\/span><div class=\"avia_message_box_content\"><p>Toutes les chambres sont doubles et peuvent accueillir jusqu&rsquo;\u00e0 2 personnes.<br \/>\nNous n&rsquo;acceptons pas les animaux, m\u00eame les plus petits.<br \/>\nCi-dessous, vous pouvez v\u00e9rifier la disponibilit\u00e9 et consulter les services suppl\u00e9mentaires que nous mettons \u00e0 votre disposition et que vous pouvez acheter directement lors de la r\u00e9servation.<br \/>\nVenez visiter!<\/p>\n<\/div><\/div><br \/>\n<br \/>\n<section  class='av_textblock_section av-lqw6j8c5-e0624b95bbd730b421ffc1c8eb021052 '   itemscope=\"itemscope\" itemtype=\"https:\/\/schema.org\/CreativeWork\" ><div class='avia_textblock'  itemprop=\"text\" ><p><strong>Politiques d&rsquo;annulation<\/strong><br \/>\nLe client peut annuler sans frais jusqu&rsquo;\u00e0 30 jours avant l&rsquo;arriv\u00e9e, \u00e0 d\u00e9faut 50% de l&rsquo;acompte vers\u00e9 lui sera rembours\u00e9.<br \/>\nDans la semaine pr\u00e9c\u00e9dant la date d&rsquo;arriv\u00e9e, la totalit\u00e9 du montant de l&rsquo;acompte vers\u00e9 sera retenue.<br \/>\nEn cas de non-pr\u00e9sentation, la totalit\u00e9 de la somme vers\u00e9e \u00e0 titre d&rsquo;acompte sera retenue.<\/p>\n<p><strong>N.B\u00a0<\/strong>: toute annulation doit \u00eatre effectu\u00e9e en envoyant une communication par e-mail \u00e0 l&rsquo;adresse\u00a0info@bbpintadera.it<\/p>\n<\/div><\/section><\/p><\/div>\n","protected":false},"excerpt":{"rendered":"","protected":false},"author":1,"featured_media":0,"parent":0,"menu_order":0,"comment_status":"closed","ping_status":"closed","template":"","meta":{"footnotes":""},"class_list":["post-3250","page","type-page","status-publish","hentry"],"_links":{"self":[{"href":"https:\/\/bbpintadera.it\/fr\/wp-json\/wp\/v2\/pages\/3250","targetHints":{"allow":["GET"]}}],"collection":[{"href":"https:\/\/bbpintadera.it\/fr\/wp-json\/wp\/v2\/pages"}],"about":[{"href":"https:\/\/bbpintadera.it\/fr\/wp-json\/wp\/v2\/types\/page"}],"author":[{"embeddable":true,"href":"https:\/\/bbpintadera.it\/fr\/wp-json\/wp\/v2\/users\/1"}],"replies":[{"embeddable":true,"href":"https:\/\/bbpintadera.it\/fr\/wp-json\/wp\/v2\/comments?post=3250"}],"version-history":[{"count":8,"href":"https:\/\/bbpintadera.it\/fr\/wp-json\/wp\/v2\/pages\/3250\/revisions"}],"predecessor-version":[{"id":3786,"href":"https:\/\/bbpintadera.it\/fr\/wp-json\/wp\/v2\/pages\/3250\/revisions\/3786"}],"wp:attachment":[{"href":"https:\/\/bbpintadera.it\/fr\/wp-json\/wp\/v2\/media?parent=3250"}],"curies":[{"name":"wp","href":"https:\/\/api.w.org\/{rel}","templated":true}]}}