{"id":2,"date":"2018-02-07T11:48:46","date_gmt":"2018-02-07T11:48:46","guid":{"rendered":"https:\/\/www.bbpintadera.it\/?page_id=2"},"modified":"2025-04-16T09:34:28","modified_gmt":"2025-04-16T09:34:28","slug":"ci-presentiamo","status":"publish","type":"page","link":"https:\/\/bbpintadera.it\/it\/ci-presentiamo\/","title":{"rendered":"Ci presentiamo"},"content":{"rendered":"<div id='full_slider_1'  class='avia-fullwidth-slider main_color avia-shadow   avia-builder-el-0  el_before_av_section  avia-builder-el-first   container_wrap fullsize'  ><div  class='avia-slideshow av-edaa-46a9565639256daf5b75ef2a0066a258 avia-slideshow-no scaling av_slideshow_full avia-slide-slider av-slideshow-ui av-control-hidden av-no-slider-navigation av-hide-nav-arrows av-slideshow-manual av-loop-once av-loop-manual-endless av-default-height-applied  image_no_stretch avia-slideshow-1' data-slideshow-options=\"{&quot;animation&quot;:&quot;slide&quot;,&quot;autoplay&quot;:false,&quot;loop_autoplay&quot;:&quot;once&quot;,&quot;interval&quot;:5,&quot;loop_manual&quot;:&quot;manual-endless&quot;,&quot;autoplay_stopper&quot;:false,&quot;noNavigation&quot;:true,&quot;bg_slider&quot;:false,&quot;keep_padding&quot;:false,&quot;hoverpause&quot;:false,&quot;show_slide_delay&quot;:0}\"  itemprop=\"image\" itemscope=\"itemscope\" itemtype=\"https:\/\/schema.org\/ImageObject\" ><ul class='avia-slideshow-inner ' style='padding-bottom: 20.833333333333%;'><li  class='avia-slideshow-slide av-edaa-46a9565639256daf5b75ef2a0066a258__0  av-single-slide slide-1 slide-odd'><div data-rel='slideshow-1' class='avia-slide-wrap '   ><img decoding=\"async\" fetchpriority=\"high\" class=\"wp-image-1495 avia-img-lazy-loading-not-1495\"  src=\"https:\/\/bbpintadera.it\/wp-content\/uploads\/2018\/06\/testata-18.jpg\" width=\"1920\" height=\"400\" title='testata-18' alt=''  itemprop=\"thumbnailUrl\"  style='min-height:150; min-width:720px; ' srcset=\"https:\/\/bbpintadera.it\/wp-content\/uploads\/2018\/06\/testata-18.jpg 1920w, https:\/\/bbpintadera.it\/wp-content\/uploads\/2018\/06\/testata-18-300x63.jpg 300w, https:\/\/bbpintadera.it\/wp-content\/uploads\/2018\/06\/testata-18-768x160.jpg 768w, https:\/\/bbpintadera.it\/wp-content\/uploads\/2018\/06\/testata-18-1030x215.jpg 1030w, https:\/\/bbpintadera.it\/wp-content\/uploads\/2018\/06\/testata-18-1500x313.jpg 1500w, https:\/\/bbpintadera.it\/wp-content\/uploads\/2018\/06\/testata-18-705x147.jpg 705w, https:\/\/bbpintadera.it\/wp-content\/uploads\/2018\/06\/testata-18-450x94.jpg 450w\" sizes=\"(max-width: 1920px) 100vw, 1920px\" \/><\/div><\/li><\/ul><\/div><\/div>\n\n<style type=\"text\/css\" data-created_by=\"avia_inline_auto\" id=\"style-css-av-xi6-39ed659e6511a67c6bbb2e2a3df4474b\">\n.avia-section.av-xi6-39ed659e6511a67c6bbb2e2a3df4474b{\nbackground-color:#f5a706;\nbackground-image:unset;\n}\n<\/style>\n<div id='av_section_1'  class='avia-section av-xi6-39ed659e6511a67c6bbb2e2a3df4474b main_color avia-section-small avia-no-border-styling  avia-builder-el-1  el_after_av_slideshow_full  el_before_av_one_full  avia-bg-style-scroll container_wrap fullsize'  ><div class='container av-section-cont-open' ><div class='template-page content  av-content-full alpha units'><div class='post-entry post-entry-type-page post-entry-2'><div class='entry-content-wrapper clearfix'>\n\n<style type=\"text\/css\" data-created_by=\"avia_inline_auto\" id=\"style-css-av-7vmc-f67d706949e415d2642a3602e6e9623a\">\n#top .av-special-heading.av-7vmc-f67d706949e415d2642a3602e6e9623a{\npadding-bottom:0;\ncolor:#ffffff;\n}\nbody .av-special-heading.av-7vmc-f67d706949e415d2642a3602e6e9623a .av-special-heading-tag .heading-char{\nfont-size:25px;\n}\n.av-special-heading.av-7vmc-f67d706949e415d2642a3602e6e9623a .special-heading-inner-border{\nborder-color:#ffffff;\n}\n.av-special-heading.av-7vmc-f67d706949e415d2642a3602e6e9623a .av-subheading{\nfont-size:15px;\n}\n<\/style>\n<div  class='av-special-heading av-7vmc-f67d706949e415d2642a3602e6e9623a av-special-heading-h1 custom-color-heading blockquote modern-quote modern-centered  avia-builder-el-2  avia-builder-el-no-sibling '><h1 class='av-special-heading-tag '  itemprop=\"headline\"  >Ci presentiamo<\/h1><div class=\"special-heading-border\"><div class=\"special-heading-inner-border\"><\/div><\/div><\/div>\n<\/div><\/div><\/div><!-- close content main div --><\/div><\/div><div id='after_section_1'  class='main_color av_default_container_wrap container_wrap fullsize'  ><div class='container av-section-cont-open' ><div class='template-page content  av-content-full alpha units'><div class='post-entry post-entry-type-page post-entry-2'><div class='entry-content-wrapper clearfix'>\n\n<style type=\"text\/css\" data-created_by=\"avia_inline_auto\" id=\"style-css-av-5dao-f086bd426738f1c7f2ae509539f7e642\">\n.flex_column.av-5dao-f086bd426738f1c7f2ae509539f7e642{\nborder-radius:0px 0px 0px 0px;\npadding:0px 0px 0px 0px;\n}\n<\/style>\n<div  class='flex_column av-5dao-f086bd426738f1c7f2ae509539f7e642 av_one_full  avia-builder-el-3  el_after_av_section  el_before_av_button_big  avia-builder-el-no-sibling  first flex_column_div av-zero-column-padding  '     ><section  class='av_textblock_section av-dxq-65dc72465d4f5d390d238bdbc905efb3 '   itemscope=\"itemscope\" itemtype=\"https:\/\/schema.org\/CreativeWork\" ><div class='avia_textblock'  itemprop=\"text\" ><p>La nostra storia inizia lontano da questa meravigliosa isola che \u00e8 la Sardegna, in un piccolo comune della provincia di Milano.<br \/>\nAll&#8217;alba dei 30 anni, stanchi della vita frenetica della citt\u00e0, del poco tempo a disposizione da dedicare alle nostre passioni e del clima sempre cupo e grigio, abbiamo deciso di\u00a0 coronare il nostro grande sogno, quello di cambiare vita.<\/p>\n<p>Con l&#8217;arrivo di nostro figlio, \u00e8 giunto anche il momento di compiere finalmente\u00a0 il grande passo. Cos\u00ec, nel 2015 abbiamo mollato tutto e tutti e ci siamo trasferiti in Sardegna. In particolare Alghero, un luogo speciale che abbiamo sempre amato.<\/p>\n<h2>Cos\u00ec \u00e8 iniziato un nuovo capitolo della nostra vita ed \u00e8 nata la Guesthouse Pintadera.<\/h2>\n<p><strong>A proposito, che sbadati, non ci siamo ancora presentati&#8230;<\/strong><\/p>\n<p>Io mi chiamo <strong>Andrea <\/strong>e sono un Mago del Pc, lavoro come Web Developer per aziende e privati. Ma la mia vera passione \u00e8 il giardinaggio, amo stare all&#8217;aria aperta e prendermi cura dei fiori, delle piante e dell&#8217;orto.<\/p>\n<p>Io mi chiamo <strong>Elisa<\/strong> e sono l&#8217;anima della struttura, penser\u00f2 a farti sentire a tuo agio badando a ogni tua richiesta, viziandoti con buonissime colazioni e facendoti trovare le stanze sempre pulite e ordinate.<\/p>\n<p>Il mio motto \u00e8 semplicit\u00e0 e cordialit\u00e0, mi troverai sempre a disposizione per qualsiasi cosa, anche solo per scambiare due chiacchiere.<\/p>\n<p>Io mi chiamo <strong>Enea<\/strong> e sono il piccolo di famiglia. Sono nato nel 2013, il mio compito \u00e8 quello di adorabile frugoletto di casa. Riempio la vita dei miei genitori con la mia vitalit\u00e0 e fantasia. Con me non ci si annoia proprio mai&#8230;<\/p>\n<p>Sar\u00f2 contento di avere nuovi amici con cui poter giocare e divertirmi.<\/p>\n<p>E io mi chiamo <strong>Eva<\/strong> e sono l&#8217;ultima arrivata! Sono nata a novembre del 2019 allargando la nosta famiglia.<\/p>\n<p>Sar\u00f2 lieta di conoscerti, accoglierti nella nostra struttura e aiutare i miei genitori durante la preparazione della colazione regalando stupendi sorrisi.<\/p>\n<h2>Tutti insieme saremo lieti di accogliervi nella nostra struttura per farvi trascorrere un piacevole soggiorno nel nostro piccolo angolo di mondo.<\/h2>\n<\/div><\/section><\/div><div  class='avia-button-wrap avia-button-center  avia-builder-el-5  el_after_av_one_full  avia-builder-el-last  btn-call-booking'>\n<style type=\"text\/css\" data-created_by=\"avia_inline_auto\" id=\"style-css-av-l068w2eq-0c3234756076916b6b0389c83bdfca6a\">\n#top #wrap_all .avia-button.av-l068w2eq-0c3234756076916b6b0389c83bdfca6a{\nbackground-color:#f5a506;\nborder-color:#f5a506;\ncolor:#ffffff;\ntransition:all 0.4s ease-in-out;\n}\n#top #wrap_all .avia-button.av-l068w2eq-0c3234756076916b6b0389c83bdfca6a:hover{\nbackground-color:#444444;\ncolor:#ffffff;\ntransition:all 0.4s ease-in-out;\n}\n#top #wrap_all .avia-button.av-l068w2eq-0c3234756076916b6b0389c83bdfca6a .avia-svg-icon svg:first-child{\nfill:#ffffff;\nstroke:#ffffff;\n}\n#top #wrap_all .avia-button.av-l068w2eq-0c3234756076916b6b0389c83bdfca6a:hover .avia-svg-icon svg:first-child{\nfill:#ffffff;\nstroke:#ffffff;\n}\n<\/style>\n<a href='https:\/\/bbpintadera.it\/it\/prenota-subito-la-tua-vacanza-ad-alghero\/' class='avia-button avia-button-fullwidth av-l068w2eq-0c3234756076916b6b0389c83bdfca6a avia-icon_select-yes-left-icon avia-color-custom av-mini-hide'   aria-label=\"PRENOTA SUBITO LA TUA VACANZA!\"><span class='avia_button_icon avia_button_icon_left avia-iconfont avia-font-entypo-fontello' data-av_icon='\ue82b' data-av_iconfont='entypo-fontello' ><\/span><span class='avia_iconbox_title' >PRENOTA SUBITO LA TUA VACANZA!<\/span><\/a><\/div><\/p>\n","protected":false},"excerpt":{"rendered":"","protected":false},"author":1,"featured_media":0,"parent":0,"menu_order":0,"comment_status":"open","ping_status":"closed","template":"","meta":{"footnotes":""},"class_list":["post-2","page","type-page","status-publish","hentry"],"_links":{"self":[{"href":"https:\/\/bbpintadera.it\/it\/wp-json\/wp\/v2\/pages\/2","targetHints":{"allow":["GET"]}}],"collection":[{"href":"https:\/\/bbpintadera.it\/it\/wp-json\/wp\/v2\/pages"}],"about":[{"href":"https:\/\/bbpintadera.it\/it\/wp-json\/wp\/v2\/types\/page"}],"author":[{"embeddable":true,"href":"https:\/\/bbpintadera.it\/it\/wp-json\/wp\/v2\/users\/1"}],"replies":[{"embeddable":true,"href":"https:\/\/bbpintadera.it\/it\/wp-json\/wp\/v2\/comments?post=2"}],"version-history":[{"count":21,"href":"https:\/\/bbpintadera.it\/it\/wp-json\/wp\/v2\/pages\/2\/revisions"}],"predecessor-version":[{"id":4034,"href":"https:\/\/bbpintadera.it\/it\/wp-json\/wp\/v2\/pages\/2\/revisions\/4034"}],"wp:attachment":[{"href":"https:\/\/bbpintadera.it\/it\/wp-json\/wp\/v2\/media?parent=2"}],"curies":[{"name":"wp","href":"https:\/\/api.w.org\/{rel}","templated":true}]}}