{"id":3345,"date":"2022-03-17T12:56:02","date_gmt":"2022-03-17T12:56:02","guid":{"rendered":"https:\/\/bbpintadera.it\/?page_id=3345"},"modified":"2022-03-17T13:13:30","modified_gmt":"2022-03-17T13:13:30","slug":"cosa-dicono-di-noi","status":"publish","type":"page","link":"https:\/\/bbpintadera.it\/it\/cosa-dicono-di-noi\/","title":{"rendered":"Cosa dicono di noi"},"content":{"rendered":"<div id='full_slider_1'  class='avia-fullwidth-slider main_color avia-shadow   avia-builder-el-0  el_before_av_section  avia-builder-el-first   container_wrap fullsize'  ><div  class='avia-slideshow av-l0uzwlkj-facd6307336006bb45a06f94e30396d3 avia-slideshow-no scaling av_slideshow_full avia-slide-slider av-slideshow-ui av-control-hidden av-no-slider-navigation av-hide-nav-arrows av-slideshow-manual av-loop-once av-loop-manual-endless av-default-height-applied  image_no_stretch avia-slideshow-1' data-slideshow-options=\"{&quot;animation&quot;:&quot;slide&quot;,&quot;autoplay&quot;:false,&quot;loop_autoplay&quot;:&quot;once&quot;,&quot;interval&quot;:5,&quot;loop_manual&quot;:&quot;manual-endless&quot;,&quot;autoplay_stopper&quot;:false,&quot;noNavigation&quot;:true,&quot;bg_slider&quot;:false,&quot;keep_padding&quot;:false,&quot;hoverpause&quot;:false,&quot;show_slide_delay&quot;:0}\"  itemprop=\"image\" itemscope=\"itemscope\" itemtype=\"https:\/\/schema.org\/ImageObject\" ><ul class='avia-slideshow-inner ' style='padding-bottom: 20.833333333333%;'><li  class='avia-slideshow-slide av-l0uzwlkj-facd6307336006bb45a06f94e30396d3__0  av-single-slide slide-1 slide-odd'><div data-rel='slideshow-1' class='avia-slide-wrap '   ><img decoding=\"async\" fetchpriority=\"high\" class=\"wp-image-3169 avia-img-lazy-loading-not-3169\"  src=\"https:\/\/bbpintadera.it\/wp-content\/uploads\/2021\/05\/testata-camere.jpg\" width=\"1920\" height=\"400\" title='testata-camere' alt=''  itemprop=\"thumbnailUrl\"  style='min-height:400px; min-width:1920px; ' srcset=\"https:\/\/bbpintadera.it\/wp-content\/uploads\/2021\/05\/testata-camere.jpg 1920w, https:\/\/bbpintadera.it\/wp-content\/uploads\/2021\/05\/testata-camere-300x63.jpg 300w, https:\/\/bbpintadera.it\/wp-content\/uploads\/2021\/05\/testata-camere-1030x215.jpg 1030w, https:\/\/bbpintadera.it\/wp-content\/uploads\/2021\/05\/testata-camere-768x160.jpg 768w, https:\/\/bbpintadera.it\/wp-content\/uploads\/2021\/05\/testata-camere-1536x320.jpg 1536w, https:\/\/bbpintadera.it\/wp-content\/uploads\/2021\/05\/testata-camere-1500x313.jpg 1500w, https:\/\/bbpintadera.it\/wp-content\/uploads\/2021\/05\/testata-camere-705x147.jpg 705w\" sizes=\"(max-width: 1920px) 100vw, 1920px\" \/><\/div><\/li><\/ul><\/div><\/div>\n\n<style type=\"text\/css\" data-created_by=\"avia_inline_auto\" id=\"style-css-av-787csx-96b04b66e6cc114226792b91e2c6a628\">\n.avia-section.av-787csx-96b04b66e6cc114226792b91e2c6a628{\nbackground-color:#f5a706;\nbackground-image:unset;\n}\n<\/style>\n<div id='av_section_1'  class='avia-section av-787csx-96b04b66e6cc114226792b91e2c6a628 main_color avia-section-small avia-no-border-styling  avia-builder-el-1  el_after_av_slideshow_full  el_before_av_one_full  avia-bg-style-scroll container_wrap fullsize'  ><div class='container av-section-cont-open' ><div class='template-page content  av-content-full alpha units'><div class='post-entry post-entry-type-page post-entry-3345'><div class='entry-content-wrapper clearfix'>\n\n<style type=\"text\/css\" data-created_by=\"avia_inline_auto\" id=\"style-css-av-l0v0gzlo-58bb47c0c859a6b44cf1dc76d09159bc\">\n#top .av-special-heading.av-l0v0gzlo-58bb47c0c859a6b44cf1dc76d09159bc{\npadding-bottom:0;\ncolor:#ffffff;\n}\nbody .av-special-heading.av-l0v0gzlo-58bb47c0c859a6b44cf1dc76d09159bc .av-special-heading-tag .heading-char{\nfont-size:25px;\n}\n.av-special-heading.av-l0v0gzlo-58bb47c0c859a6b44cf1dc76d09159bc .special-heading-inner-border{\nborder-color:#ffffff;\n}\n.av-special-heading.av-l0v0gzlo-58bb47c0c859a6b44cf1dc76d09159bc .av-subheading{\nfont-size:15px;\n}\n<\/style>\n<div  class='av-special-heading av-l0v0gzlo-58bb47c0c859a6b44cf1dc76d09159bc av-special-heading-h1 custom-color-heading blockquote modern-quote modern-centered  avia-builder-el-2  avia-builder-el-no-sibling '><h1 class='av-special-heading-tag '  itemprop=\"headline\"  >Cosa dicono di noi<\/h1><div class=\"special-heading-border\"><div class=\"special-heading-inner-border\"><\/div><\/div><\/div>\n<\/div><\/div><\/div><!-- close content main div --><\/div><\/div><div id='after_section_1'  class='main_color av_default_container_wrap container_wrap fullsize'  ><div class='container av-section-cont-open' ><div class='template-page content  av-content-full alpha units'><div class='post-entry post-entry-type-page post-entry-3345'><div class='entry-content-wrapper clearfix'>\n\n<style type=\"text\/css\" data-created_by=\"avia_inline_auto\" id=\"style-css-av-5dd8fl-90cf5ea5d1b607d7d9eb9d666fe58ab1\">\n.flex_column.av-5dd8fl-90cf5ea5d1b607d7d9eb9d666fe58ab1{\nborder-radius:0px 0px 0px 0px;\npadding:0px 0px 0px 0px;\nbackground:url(https:\/\/bbpintadera.it\/wp-content\/uploads\/2021\/01\/pattern-pintadera-yellow-1.jpg) 0% 0% no-repeat scroll ;\n}\n<\/style>\n<div  class='flex_column av-5dd8fl-90cf5ea5d1b607d7d9eb9d666fe58ab1 av_one_full  avia-builder-el-3  el_after_av_section  el_before_av_button_big  avia-builder-el-no-sibling  first flex_column_div av-zero-column-padding  '     ><p>\n<style type=\"text\/css\" data-created_by=\"avia_inline_auto\" id=\"style-css-av-l0v0gs9r-616d1f2984577f6fac08faeed95a92f6\">\n#top .av-special-heading.av-l0v0gs9r-616d1f2984577f6fac08faeed95a92f6{\npadding-bottom:10px;\n}\nbody .av-special-heading.av-l0v0gs9r-616d1f2984577f6fac08faeed95a92f6 .av-special-heading-tag .heading-char{\nfont-size:25px;\n}\n.av-special-heading.av-l0v0gs9r-616d1f2984577f6fac08faeed95a92f6 .av-subheading{\nfont-size:15px;\n}\n<\/style>\n<div  class='av-special-heading av-l0v0gs9r-616d1f2984577f6fac08faeed95a92f6 av-special-heading-h2  avia-builder-el-4  el_before_av_testimonials  avia-builder-el-first '><h2 class='av-special-heading-tag '  itemprop=\"headline\"  >Le testimonianze dirette di chi ha soggiornato da noi!<\/h2><div class=\"special-heading-border\"><div class=\"special-heading-inner-border\"><\/div><\/div><\/div><br \/>\n<div  class='avia-testimonial-wrapper av-l0uzlebr-a5f3599894c07e58ac1bee03277c8872 avia-grid-testimonials avia-grid-2-testimonials avia_animate_when_almost_visible' >\n<section class=\"avia-testimonial-row\"><div class='avia-testimonial av-pqyj2-241c4c88dce398fa120b2550d747db59 avia-testimonial-row-1 avia-first-testimonial flex_column no_margin av_one_half'><div class='avia-testimonial_inner'  itemscope=\"itemscope\" itemtype=\"https:\/\/schema.org\/CreativeWork\" ><div class='avia-testimonial-content '><div class='avia-testimonial-markup-entry-content'  itemprop=\"text\" ><h2>Pace, Relax, Natura, Qualit\u00e0!<\/h2>\n<p>La camera molto accogliente e pulita, con tutto il necessario, cos\u00ec come l&#8217;offerta della colazione.<br \/>\nIl posto poi \u00e8 immerso nella Natura e fa della sostenibilit\u00e0 un suo caposaldo!<br \/>\nGrazie mille e sicuramente alla prossima!<br \/>\nNoi ve lo straconsigliamo! \ud83d\ude42<\/p>\n<\/div><\/div><div class=\"avia-testimonial-meta\"><div class=\"avia-testimonial-arrow-wrap\"><div class=\"avia-arrow\"><\/div><\/div><div class='avia-testimonial-meta-mini'  itemprop=\"author\" itemscope=\"itemscope\" itemtype=\"https:\/\/schema.org\/Person\" ><strong  class='avia-testimonial-name'  itemprop=\"name\" >Margherita<\/strong><\/div><\/div><\/div><\/div>\n<div class='avia-testimonial av-1l9chq-80bc653a0218f18314018625bde1d90a avia-testimonial-row-1 avia-last-testimonial flex_column no_margin av_one_half'><div class='avia-testimonial_inner'  itemscope=\"itemscope\" itemtype=\"https:\/\/schema.org\/CreativeWork\" ><div class='avia-testimonial-content '><div class='avia-testimonial-markup-entry-content'  itemprop=\"text\" ><h2>Eccellente ci\u00f2 che cercavamo!<\/h2>\n<p>Andrea, con la sua famiglia, ci ha fatto sentire a casa in ogni momento. Attento ad ogni esigenza, oltre che disponibile a richieste anche non dovute, ha reso la nostra vacanza perfetta.<br \/>\nSe aggiungi che il posto \u00e8 in campagna, curatissimo in ogni aspetto, con colazioni ottime a base di torte fatte in casa, beh non posso che consigliarlo a tutti.<\/p>\n<\/div><\/div><div class=\"avia-testimonial-meta\"><div class=\"avia-testimonial-arrow-wrap\"><div class=\"avia-arrow\"><\/div><\/div><div class='avia-testimonial-meta-mini'  itemprop=\"author\" itemscope=\"itemscope\" itemtype=\"https:\/\/schema.org\/Person\" ><strong  class='avia-testimonial-name'  itemprop=\"name\" >Angelo<\/strong><\/div><\/div><\/div><\/div><\/section>\n<section class=\"avia-testimonial-row\"><div class='avia-testimonial av-muk1i-19b481c0a49fa5bd105eb6f57ac1dbd9 avia-testimonial-row-2 avia-first-testimonial flex_column no_margin av_one_half'><div class='avia-testimonial_inner'  itemscope=\"itemscope\" itemtype=\"https:\/\/schema.org\/CreativeWork\" ><div class='avia-testimonial-content '><div class='avia-testimonial-markup-entry-content'  itemprop=\"text\" ><h2>Impeccabile<\/h2>\n<p>Tutto, dalla pulizia della struttura all\u2019ospitalit\u00e0 dei proprietari, sempre pronti a soddisfare ogni necessit\u00e0 con gentilezza e discrezione. \u00c8 come sentirsi a casa, con torte fresche ogni giorno, camere confortevoli, zona relax in giardino, barbecue e docce esterne per un rapido rinfresco quando si torna dalla spiaggia.<\/p>\n<p>La qualit\u00e0 e la cordialit\u00e0 sono offerte a un prezzo imbattibile. Lo consiglieremmo ai nostri pi\u00f9 cari amici<\/p>\n<\/div><\/div><div class=\"avia-testimonial-meta\"><div class=\"avia-testimonial-arrow-wrap\"><div class=\"avia-arrow\"><\/div><\/div><div class='avia-testimonial-meta-mini'  itemprop=\"author\" itemscope=\"itemscope\" itemtype=\"https:\/\/schema.org\/Person\" ><strong  class='avia-testimonial-name'  itemprop=\"name\" >Francesco<\/strong><\/div><\/div><\/div><\/div>\n<div class='avia-testimonial av-h5f0e-88a99e1042b436a3dcd5e9b4592d8efd avia-testimonial-row-2 avia-last-testimonial flex_column no_margin av_one_half'><div class='avia-testimonial_inner'  itemscope=\"itemscope\" itemtype=\"https:\/\/schema.org\/CreativeWork\" ><div class='avia-testimonial-content '><div class='avia-testimonial-markup-entry-content'  itemprop=\"text\" ><h2>Pintadera, una certezza!<\/h2>\n<p>Condotto da ragazzi molto umili e attenti a tutto, la camera era bella, pulita e completa di ogni comfort.<br \/>\nAmbiente esterno favoloso degno di una grande villa.<br \/>\nPer quanto rigurda la colazione, niente da dire completa di tutto, Ottime anche le torte!<br \/>\nConsigliato!<\/p>\n<\/div><\/div><div class=\"avia-testimonial-meta\"><div class=\"avia-testimonial-arrow-wrap\"><div class=\"avia-arrow\"><\/div><\/div><div class='avia-testimonial-meta-mini'  itemprop=\"author\" itemscope=\"itemscope\" itemtype=\"https:\/\/schema.org\/Person\" ><strong  class='avia-testimonial-name'  itemprop=\"name\" >Fabio<\/strong><\/div><\/div><\/div><\/div><\/section>\n<section class=\"avia-testimonial-row\"><div class='avia-testimonial av-95o7q-0e2a914c339810412a00aad8b73d8532 avia-testimonial-row-3 avia-first-testimonial flex_column no_margin av_one_half'><div class='avia-testimonial_inner'  itemscope=\"itemscope\" itemtype=\"https:\/\/schema.org\/CreativeWork\" ><div class='avia-testimonial-content '><div class='avia-testimonial-markup-entry-content'  itemprop=\"text\" ><h2>Ottimo<\/h2>\n<p>In un\u2019ottima posizione strategica per raggiungere le spiagge principali come &#8220;La Pelosa&#8221; e &#8220;Porto Ferro&#8221;, la grotta di Nettuno, Sassari e Castelsardo.<\/p>\n<p>Andrea ed Elisa super gentili e attentissimi a ogni esigenza fin nei minimi dettagli. La camera grande e comodissima con tanto di frigo, aria condizionata e zanzariere. La colazione sempre meravigliosa con i dolci della padrona di casa.<\/p>\n<\/div><\/div><div class=\"avia-testimonial-meta\"><div class=\"avia-testimonial-arrow-wrap\"><div class=\"avia-arrow\"><\/div><\/div><div class='avia-testimonial-meta-mini'  itemprop=\"author\" itemscope=\"itemscope\" itemtype=\"https:\/\/schema.org\/Person\" ><strong  class='avia-testimonial-name'  itemprop=\"name\" >Davide<\/strong><\/div><\/div><\/div><\/div>\n<\/section><\/div><\/p><\/div>\n<div  class='avia-button-wrap avia-button-center  avia-builder-el-6  el_after_av_one_full  avia-builder-el-last  btn-call-booking'>\n<style type=\"text\/css\" data-created_by=\"avia_inline_auto\" id=\"style-css-av-l068w2eq-15b9dc08021143bed638779e2c8c923b\">\n#top #wrap_all .avia-button.av-l068w2eq-15b9dc08021143bed638779e2c8c923b{\nbackground-color:#f5a506;\nborder-color:#f5a506;\ntransition:all 0.4s ease-in-out;\n}\n#top #wrap_all .avia-button.av-l068w2eq-15b9dc08021143bed638779e2c8c923b:hover{\nbackground-color:#444444;\ncolor:#ffffff;\ntransition:all 0.4s ease-in-out;\n}\n#top #wrap_all .avia-button.av-l068w2eq-15b9dc08021143bed638779e2c8c923b:hover .avia-svg-icon svg:first-child{\nfill:#ffffff;\nstroke:#ffffff;\n}\n<\/style>\n<a href='https:\/\/bbpintadera.it\/it\/prenota-subito-la-tua-vacanza-ad-alghero\/' class='avia-font-color-black avia-button avia-button-fullwidth av-l068w2eq-15b9dc08021143bed638779e2c8c923b avia-icon_select-no avia-color-custom'   aria-label=\"PRENOTA SUBITO LA TUA VACANZA!\"><span class='avia_iconbox_title' >PRENOTA SUBITO LA TUA VACANZA!<\/span><div class='av-button-description av-button-description-below'><p>Verifica la disponibilit\u00e0 e vieni a trovarci.<\/p>\n<\/div><\/a><\/div>\n","protected":false},"excerpt":{"rendered":"","protected":false},"author":1,"featured_media":0,"parent":0,"menu_order":0,"comment_status":"closed","ping_status":"closed","template":"","meta":{"footnotes":""},"class_list":["post-3345","page","type-page","status-publish","hentry"],"_links":{"self":[{"href":"https:\/\/bbpintadera.it\/it\/wp-json\/wp\/v2\/pages\/3345","targetHints":{"allow":["GET"]}}],"collection":[{"href":"https:\/\/bbpintadera.it\/it\/wp-json\/wp\/v2\/pages"}],"about":[{"href":"https:\/\/bbpintadera.it\/it\/wp-json\/wp\/v2\/types\/page"}],"author":[{"embeddable":true,"href":"https:\/\/bbpintadera.it\/it\/wp-json\/wp\/v2\/users\/1"}],"replies":[{"embeddable":true,"href":"https:\/\/bbpintadera.it\/it\/wp-json\/wp\/v2\/comments?post=3345"}],"version-history":[{"count":11,"href":"https:\/\/bbpintadera.it\/it\/wp-json\/wp\/v2\/pages\/3345\/revisions"}],"predecessor-version":[{"id":3361,"href":"https:\/\/bbpintadera.it\/it\/wp-json\/wp\/v2\/pages\/3345\/revisions\/3361"}],"wp:attachment":[{"href":"https:\/\/bbpintadera.it\/it\/wp-json\/wp\/v2\/media?parent=3345"}],"curies":[{"name":"wp","href":"https:\/\/api.w.org\/{rel}","templated":true}]}}